        {"id":3323,"date":"2025-02-28T00:47:46","date_gmt":"2025-02-27T20:47:46","guid":{"rendered":"https:\/\/15ndl.upturnlab.com\/?page_id=3323"},"modified":"2025-08-10T19:25:59","modified_gmt":"2025-08-10T15:25:59","slug":"elaqe","status":"publish","type":"page","link":"https:\/\/anadolu.az\/ru\/elaqe\/","title":{"rendered":"\u041a\u043e\u043d\u0442\u0430\u043a\u0442\u044b"},"content":{"rendered":"\u0422\u0435\u043b\u0435\u0444\u043e\u043d (<strong>\u0420\u0435\u0441\u0442\u043e\u0440\u0430\u043d<\/strong>): <a href=\"tel:+994124980102\">+994 12 498 01 02<\/a>, <a href=\"tel:+994504980102\">+994 50 498 01 02<\/a>\r\n<br>\r\n\u0422\u0435\u043b\u0435\u0444\u043e\u043d (<strong>\u0421\u043b\u0443\u0436\u0431\u0430 \u0434\u043e\u0441\u0442\u0430\u0432\u043a\u0438<\/strong>): <a href=\"tel:944\">944<\/a>\r\n<br>\r\n\u0420\u0430\u0431\u043e\u0447\u0438\u0435 \u0447\u0430\u0441\u044b: 24\/7\r\n<br>\r\nEmail: <a href=\"mailto:office@anadolu.az\">office@anadolu.az<\/a>","protected":false},"excerpt":{"rendered":"Telefon (Restoran): +994 12 498 01 02, +994 50 498 01 02 Telefon (\u00c7atd\u0131r\u0131lma xidm\u0259ti): 944 I\u015f saatlar\u0131: 24\/7 Email: office@anadolu.az","protected":false},"author":1,"featured_media":0,"parent":0,"menu_order":0,"comment_status":"closed","ping_status":"closed","template":"template-fullwidth.php","meta":{"footnotes":""},"class_list":["post-3323","page","type-page","status-publish","hentry"],"_links":{"self":[{"href":"https:\/\/anadolu.az\/ru\/wp-json\/wp\/v2\/pages\/3323","targetHints":{"allow":["GET"]}}],"collection":[{"href":"https:\/\/anadolu.az\/ru\/wp-json\/wp\/v2\/pages"}],"about":[{"href":"https:\/\/anadolu.az\/ru\/wp-json\/wp\/v2\/types\/page"}],"author":[{"embeddable":true,"href":"https:\/\/anadolu.az\/ru\/wp-json\/wp\/v2\/users\/1"}],"replies":[{"embeddable":true,"href":"https:\/\/anadolu.az\/ru\/wp-json\/wp\/v2\/comments?post=3323"}],"version-history":[{"count":12,"href":"https:\/\/anadolu.az\/ru\/wp-json\/wp\/v2\/pages\/3323\/revisions"}],"predecessor-version":[{"id":4176,"href":"https:\/\/anadolu.az\/ru\/wp-json\/wp\/v2\/pages\/3323\/revisions\/4176"}],"wp:attachment":[{"href":"https:\/\/anadolu.az\/ru\/wp-json\/wp\/v2\/media?parent=3323"}],"curies":[{"name":"wp","href":"https:\/\/api.w.org\/{rel}","templated":true}]}}