        {"id":3326,"date":"2025-02-28T00:49:22","date_gmt":"2025-02-27T20:49:22","guid":{"rendered":"https:\/\/15ndl.upturnlab.com\/?page_id=3326"},"modified":"2025-08-10T19:26:43","modified_gmt":"2025-08-10T15:26:43","slug":"geri-qaytarma-siyaseti","status":"publish","type":"page","link":"https:\/\/anadolu.az\/ru\/geri-qaytarma-siyaseti\/","title":{"rendered":"\u041f\u043e\u043b\u0438\u0442\u0438\u043a\u0430 \u0432\u043e\u0437\u0432\u0440\u0430\u0442\u0430"},"content":{"rendered":"ANADOLU \u0446\u0435\u043d\u0438\u0442 \u0434\u043e\u0432\u0435\u0440\u0438\u0435 \u0441\u0432\u043e\u0438\u0445 \u043a\u043b\u0438\u0435\u043d\u0442\u043e\u0432 \u0438 \u0433\u0430\u0440\u0430\u043d\u0442\u0438\u0440\u0443\u0435\u0442 \u043a\u0430\u0447\u0435\u0441\u0442\u0432\u043e \u043f\u0440\u043e\u0434\u0443\u043a\u0446\u0438\u0438. \u041f\u0440\u043e\u0441\u0438\u043c \u0432\u0430\u0441 \u043e\u0437\u043d\u0430\u043a\u043e\u043c\u0438\u0442\u044c\u0441\u044f \u0441 \u043f\u0440\u0430\u0432\u0438\u043b\u0430\u043c\u0438 \u0432\u043e\u0437\u0432\u0440\u0430\u0442\u0430 \u0442\u043e\u0432\u0430\u0440\u0430: \u0415\u0441\u043b\u0438 \u043f\u0440\u043e\u0434\u0443\u043a\u0442 \u0431\u044b\u043b \u0434\u043e\u0441\u0442\u0430\u0432\u043b\u0435\u043d \u0441 \u043f\u043e\u0432\u0440\u0435\u0436\u0434\u0451\u043d\u043d\u043e\u0439 \u0443\u043f\u0430\u043a\u043e\u0432\u043a\u043e\u0439, \u0432 \u043d\u0435\u043d\u0430\u0434\u043b\u0435\u0436\u0430\u0449\u0435\u043c \u0432\u0438\u0434\u0435 \u0438\u043b\u0438 \u043d\u0435\u043f\u0440\u0438\u0433\u043e\u0434\u043d\u044b\u043c \u0434\u043b\u044f \u0438\u0441\u043f\u043e\u043b\u044c\u0437\u043e\u0432\u0430\u043d\u0438\u044f, \u0432\u044b \u043c\u043e\u0436\u0435\u0442\u0435 \u0432\u0435\u0440\u043d\u0443\u0442\u044c \u0435\u0433\u043e. \u0414\u043b\u044f \u043e\u0444\u043e\u0440\u043c\u043b\u0435\u043d\u0438\u044f \u0432\u043e\u0437\u0432\u0440\u0430\u0442\u0430 \u043d\u0435\u043e\u0431\u0445\u043e\u0434\u0438\u043c\u043e \u0441\u0432\u044f\u0437\u0430\u0442\u044c\u0441\u044f \u0441 \u043d\u0430\u043c\u0438 \u0432 \u0442\u0435\u0447\u0435\u043d\u0438\u0435 24 \u0447\u0430\u0441\u043e\u0432 \u0441 \u043c\u043e\u043c\u0435\u043d\u0442\u0430 \u043f\u043e\u043b\u0443\u0447\u0435\u043d\u0438\u044f \u0442\u043e\u0432\u0430\u0440\u0430. \u0414\u043b\u044f \u0432\u043e\u0437\u0432\u0440\u0430\u0442\u0430 \u0442\u0440\u0435\u0431\u0443\u0435\u0442\u0441\u044f \u043f\u0440\u0435\u0434\u044a\u044f\u0432\u0438\u0442\u044c \u0447\u0435\u043a (\u043a\u0432\u0438\u0442\u0430\u043d\u0446\u0438\u044e) \u043e \u043f\u043e\u043a\u0443\u043f\u043a\u0435. \u0422\u043e\u0432\u0430\u0440 \u0434\u043e\u043b\u0436\u0435\u043d \u0431\u044b\u0442\u044c \u043d\u0435 \u0432\u0441\u043a\u0440\u044b\u0442 \u0438 \u043d\u0435 \u0438\u0441\u043f\u043e\u043b\u044c\u0437\u043e\u0432\u0430\u043d. \u0412 \u0441\u043e\u043e\u0442\u0432\u0435\u0442\u0441\u0442\u0432\u0438\u0438 \u0441 \u0441\u0430\u043d\u0438\u0442\u0430\u0440\u043d\u044b\u043c\u0438 \u0442\u0440\u0435\u0431\u043e\u0432\u0430\u043d\u0438\u044f\u043c\u0438 \u043f\u0440\u043e\u0434\u0443\u043a\u0442\u044b \u043f\u0438\u0442\u0430\u043d\u0438\u044f, \u0432\u0441\u043a\u0440\u044b\u0442\u044b\u0435 \u0438\u043b\u0438 \u043d\u0430\u0447\u0430\u0442\u044b\u0435 \u0432 \u0438\u0441\u043f\u043e\u043b\u044c\u0437\u043e\u0432\u0430\u043d\u0438\u0438, \u0432\u043e\u0437\u0432\u0440\u0430\u0442\u0443 \u043d\u0435 \u043f\u043e\u0434\u043b\u0435\u0436\u0430\u0442. \u041f\u043e\u0436\u0430\u043b\u0443\u0439\u0441\u0442\u0430, \u043e\u0442\u043f\u0440\u0430\u0432\u044c\u0442\u0435 \u043d\u0430\u043c \u0444\u043e\u0442\u043e\u0433\u0440\u0430\u0444\u0438\u044e \u0442\u043e\u0432\u0430\u0440\u0430 \u0438 \u043a\u0440\u0430\u0442\u043a\u043e\u0435 \u043e\u043f\u0438\u0441\u0430\u043d\u0438\u0435 \u043f\u0440\u043e\u0431\u043b\u0435\u043c\u044b. \u041f\u043e\u0441\u043b\u0435 \u043f\u043e\u0434\u0442\u0432\u0435\u0440\u0436\u0434\u0435\u043d\u0438\u044f \u0434\u0435\u0444\u0435\u043a\u0442\u0430 \u0441\u0442\u043e\u0438\u043c\u043e\u0441\u0442\u044c \u0442\u043e\u0432\u0430\u0440\u0430 \u0431\u0443\u0434\u0435\u0442 \u0432\u043e\u0437\u0432\u0440\u0430\u0449\u0435\u043d\u0430 \u0438\u043b\u0438 \u0442\u043e\u0432\u0430\u0440 \u0431\u0443\u0434\u0435\u0442 \u0437\u0430\u043c\u0435\u043d\u0451\u043d \u043d\u0430 \u043d\u043e\u0432\u044b\u0439. \u0412\u043e\u0437\u0432\u0440\u0430\u0442\u044b \u0437\u0430\u043c\u043e\u0440\u043e\u0436\u0435\u043d\u043d\u044b\u0445 \u043f\u0440\u043e\u0434\u0443\u043a\u0442\u043e\u0432 \u043d\u0435 \u043f\u0440\u0438\u043d\u0438\u043c\u0430\u044e\u0442\u0441\u044f, \u0435\u0441\u043b\u0438 \u043f\u043e\u0432\u0440\u0435\u0436\u0434\u0435\u043d\u0438\u044f \u0432\u043e\u0437\u043d\u0438\u043a\u043b\u0438 \u0438\u0437-\u0437\u0430 \u043d\u0435\u0441\u043e\u0431\u043b\u044e\u0434\u0435\u043d\u0438\u044f \u043f\u0440\u0430\u0432\u0438\u043b \u0445\u0440\u0430\u043d\u0435\u043d\u0438\u044f \u0438\u043b\u0438 \u0442\u0440\u0430\u043d\u0441\u043f\u043e\u0440\u0442\u0438\u0440\u043e\u0432\u043a\u0438 (\u043d\u0430\u043f\u0440\u0438\u043c\u0435\u0440, \u0440\u0430\u0437\u043c\u043e\u0440\u0430\u0436\u0438\u0432\u0430\u043d\u0438\u0435 \u043f\u0440\u043e\u0434\u0443\u043a\u0442\u0430). \u0414\u043b\u044f \u043f\u043e\u043b\u0443\u0447\u0435\u043d\u0438\u044f \u0434\u043e\u043f\u043e\u043b\u043d\u0438\u0442\u0435\u043b\u044c\u043d\u043e\u0439 \u0438\u043d\u0444\u043e\u0440\u043c\u0430\u0446\u0438\u0438 \u0432\u044b \u043c\u043e\u0436\u0435\u0442\u0435 \u0441\u0432\u044f\u0437\u0430\u0442\u044c\u0441\u044f \u0441 \u043d\u0430\u043c\u0438. \u0412\u0430\u0448\u0435 \u0443\u0434\u043e\u0432\u043b\u0435\u0442\u0432\u043e\u0440\u0435\u043d\u0438\u0435 \u2014 \u043d\u0430\u0448 \u043f\u0440\u0438\u043e\u0440\u0438\u0442\u0435\u0442.","protected":false},"excerpt":{"rendered":"Anadolu m\u00fc\u015ft\u0259ri m\u0259mnuniyy\u0259tini \u00f6n planda saxlay\u0131r v\u0259 m\u0259hsullar\u0131m\u0131z\u0131n keyfiyy\u0259tin\u0259 z\u0259man\u0259t verir. M\u0259hsulun geri qaytar\u0131lmas\u0131 \u00fc\u00e7\u00fcn a\u015fa\u011f\u0131dak\u0131 qaydalar\u0131 n\u0259z\u0259r\u0259 alma\u011f\u0131n\u0131z\u0131 xahi\u015f edirik: 1. M\u0259hsulun \u00e7at\u0131\u015fmazl\u0131\u011f\u0131 v\u0259 ya z\u0259d\u0259l\u0259nm\u0259si \u2022 \u018fg\u0259r m\u0259hsulun qabla\u015fd\u0131rmas\u0131 z\u0259d\u0259l\u0259nmi\u015f, yarars\u0131z v\u0259ziyy\u0259td\u0259 v\u0259 ya istifad\u0259 \u00fc\u00e7\u00fcn uy\u011fun olmayan halda siz\u0259 \u00e7atd\u0131r\u0131lm\u0131\u015fd\u0131rsa, h\u0259min m\u0259hsulu geri qaytara bil\u0259rsiniz. \u2022 Geri qaytarma \u00fc\u00e7\u00fcn m\u0259hsulun al\u0131nma tarixind\u0259n [&hellip;]","protected":false},"author":1,"featured_media":0,"parent":0,"menu_order":0,"comment_status":"closed","ping_status":"closed","template":"template-fullwidth.php","meta":{"footnotes":""},"class_list":["post-3326","page","type-page","status-publish","hentry"],"_links":{"self":[{"href":"https:\/\/anadolu.az\/ru\/wp-json\/wp\/v2\/pages\/3326","targetHints":{"allow":["GET"]}}],"collection":[{"href":"https:\/\/anadolu.az\/ru\/wp-json\/wp\/v2\/pages"}],"about":[{"href":"https:\/\/anadolu.az\/ru\/wp-json\/wp\/v2\/types\/page"}],"author":[{"embeddable":true,"href":"https:\/\/anadolu.az\/ru\/wp-json\/wp\/v2\/users\/1"}],"replies":[{"embeddable":true,"href":"https:\/\/anadolu.az\/ru\/wp-json\/wp\/v2\/comments?post=3326"}],"version-history":[{"count":1,"href":"https:\/\/anadolu.az\/ru\/wp-json\/wp\/v2\/pages\/3326\/revisions"}],"predecessor-version":[{"id":3327,"href":"https:\/\/anadolu.az\/ru\/wp-json\/wp\/v2\/pages\/3326\/revisions\/3327"}],"wp:attachment":[{"href":"https:\/\/anadolu.az\/ru\/wp-json\/wp\/v2\/media?parent=3326"}],"curies":[{"name":"wp","href":"https:\/\/api.w.org\/{rel}","templated":true}]}}