        {"id":3328,"date":"2025-02-28T00:58:55","date_gmt":"2025-02-27T20:58:55","guid":{"rendered":"https:\/\/15ndl.upturnlab.com\/?page_id=3328"},"modified":"2025-08-10T19:27:32","modified_gmt":"2025-08-10T15:27:32","slug":"haqqimizda","status":"publish","type":"page","link":"https:\/\/anadolu.az\/ru\/haqqimizda\/","title":{"rendered":"\u041e \u043d\u0430\u0441"},"content":{"rendered":"\u0423\u0436\u0435 \u0431\u043e\u043b\u0435\u0435 30 \u043b\u0435\u0442 ANADOLU \u043e\u0441\u0442\u0430\u0451\u0442\u0441\u044f \u043e\u0434\u043d\u0438\u043c \u0438\u0437 \u0441\u0430\u043c\u044b\u0445 \u0443\u0437\u043d\u0430\u0432\u0430\u0435\u043c\u044b\u0445 \u0440\u0435\u0441\u0442\u043e\u0440\u0430\u043d\u043d\u044b\u0445 \u0431\u0440\u0435\u043d\u0434\u043e\u0432 \u0410\u0437\u0435\u0440\u0431\u0430\u0439\u0434\u0436\u0430\u043d\u0430. \u041c\u044b \u043e\u0431\u044a\u0435\u0434\u0438\u043d\u044f\u0435\u043c \u043b\u0443\u0447\u0448\u0438\u0435 \u0442\u0440\u0430\u0434\u0438\u0446\u0438\u0438 \u0432\u043e\u0441\u0442\u043e\u0447\u043d\u043e\u0439 \u0438 \u0435\u0432\u0440\u043e\u043f\u0435\u0439\u0441\u043a\u043e\u0439 \u043a\u0443\u0445\u043d\u0438, \u0432\u044b\u0441\u043e\u043a\u043e\u0435 \u043a\u0430\u0447\u0435\u0441\u0442\u0432\u043e \u0441\u0435\u0440\u0432\u0438\u0441\u0430 \u0438 \u0430\u0442\u043c\u043e\u0441\u0444\u0435\u0440\u0443, \u0441\u0442\u0430\u0432\u0448\u0443\u044e \u0432\u0438\u0437\u0438\u0442\u043d\u043e\u0439 \u043a\u0430\u0440\u0442\u043e\u0447\u043a\u043e\u0439 \u043d\u0430\u0448\u0438\u0445 \u0440\u0435\u0441\u0442\u043e\u0440\u0430\u043d\u043e\u0432. \r\n<br>\r\nANADOLU \u2014 \u044d\u0442\u043e \u043c\u0435\u0441\u0442\u043e \u0432\u0441\u0442\u0440\u0435\u0447, \u043e\u0442\u0434\u044b\u0445\u0430 \u0438 \u043e\u0431\u0449\u0435\u043d\u0438\u044f. \u041d\u0430\u0441 \u0432\u044b\u0431\u0438\u0440\u0430\u044e\u0442 \u0436\u0438\u0442\u0435\u043b\u0438 \u0411\u0430\u043a\u0443, \u0433\u043e\u0441\u0442\u0438 \u0441\u0442\u043e\u043b\u0438\u0446\u044b, \u043f\u0440\u0435\u0434\u0441\u0442\u0430\u0432\u0438\u0442\u0435\u043b\u0438 \u0431\u0438\u0437\u043d\u0435\u0441\u0430, \u0438\u0441\u043a\u0443\u0441\u0441\u0442\u0432\u0430 \u0438 \u043a\u0443\u043b\u044c\u0442\u0443\u0440\u044b.\n<br>\n\u041c\u044b \u0433\u043e\u0440\u0434\u0438\u043c\u0441\u044f \u043f\u0440\u043e\u0433\u0440\u0430\u043c\u043c\u043e\u0439 \u00abANADOLU \u2014 \u0414\u041b\u042f \u0410\u0417\u0415\u0420\u0411\u0410\u0419\u0414\u0416\u0410\u041d\u0410\u00bb, \u0432 \u0440\u0430\u043c\u043a\u0430\u0445 \u043a\u043e\u0442\u043e\u0440\u043e\u0439 \u0440\u0435\u0430\u043b\u0438\u0437\u0443\u0435\u043c \u0431\u043b\u0430\u0433\u043e\u0442\u0432\u043e\u0440\u0438\u0442\u0435\u043b\u044c\u043d\u044b\u0435 \u0438 \u043a\u0443\u043b\u044c\u0442\u0443\u0440\u043d\u044b\u0435 \u043f\u0440\u043e\u0435\u043a\u0442\u044b, \u043f\u043e\u0434\u0434\u0435\u0440\u0436\u0438\u0432\u0430\u044f \u0442\u0430\u043b\u0430\u043d\u0442\u044b \u0438 \u0432\u0430\u0436\u043d\u044b\u0435 \u0438\u043d\u0438\u0446\u0438\u0430\u0442\u0438\u0432\u044b \u0441\u0442\u0440\u0430\u043d\u044b.\r\n<br>\r\n\u0421\u043e\u0432\u0435\u0440\u0448\u0435\u043d\u043d\u0430\u044f \u0441\u0438\u0441\u0442\u0435\u043c\u0430 \u043a\u0435\u0439\u0442\u0435\u0440\u0438\u043d\u0433\u0430 \u0438 \u0434\u043e\u0441\u0442\u0430\u0432\u043a\u0438 \u0434\u0435\u043b\u0430\u0435\u0442 ANADOLU \u043e\u0434\u043d\u0438\u043c \u0438\u0437 \u043b\u0438\u0434\u0435\u0440\u043e\u0432 \u0440\u044b\u043d\u043a\u0430. \u041c\u044b \u0431\u044b\u043b\u0438 \u043f\u0435\u0440\u0432\u044b\u043c\u0438, \u043a\u0442\u043e \u0432\u043d\u0435\u0434\u0440\u0438\u043b \u043e\u043d\u043b\u0430\u0439\u043d-\u0437\u0430\u043a\u0430\u0437 \u0433\u043e\u0442\u043e\u0432\u044b\u0445 \u0431\u043b\u044e\u0434 \u0432 \u0410\u0437\u0435\u0440\u0431\u0430\u0439\u0434\u0436\u0430\u043d\u0435 \u2014 \u0438 \u043f\u0440\u043e\u0434\u043e\u043b\u0436\u0430\u0435\u043c \u0440\u0430\u0437\u0432\u0438\u0432\u0430\u0442\u044c\u0441\u044f, \u043f\u0440\u0435\u0434\u043b\u0430\u0433\u0430\u044f \u0432\u0430\u043c \u0431\u044b\u0441\u0442\u0440\u043e\u0435, \u0443\u0434\u043e\u0431\u043d\u043e\u0435 \u0438 \u043d\u0430\u0434\u0451\u0436\u043d\u043e\u0435 \u043e\u0431\u0441\u043b\u0443\u0436\u0438\u0432\u0430\u043d\u0438\u0435.\n<br>\nANADOLU \u2014 \u044d\u0442\u043e \u043a\u0430\u0447\u0435\u0441\u0442\u0432\u043e, \u0434\u043e\u0432\u0435\u0440\u0438\u0435 \u0438 \u0437\u0430\u0431\u043e\u0442\u0430 \u043e \u0432\u0430\u0448\u0435\u043c \u0437\u0434\u043e\u0440\u043e\u0432\u044c\u0435.","protected":false},"excerpt":{"rendered":"30 ild\u0259n \u00e7oxdur ki, Az\u0259rbaycan\u0131n ictimai qida bazar\u0131nda bu marka \u2013 \u015f\u0259h\u0259rin \u0259n m\u0259\u015fhur restoran\u0131 ad\u0131na layiq g\u00f6r\u00fclm\u00fc\u015f marka kimi m\u00f6vcuddur. \u018fslind\u0259, s\u00f6hb\u0259t restorandan deyil, qida m\u0259d\u0259niyy\u0259ti adlanan bir \u00fcslubdan gedir. ANADOLU restoranlar \u015f\u0259b\u0259k\u0259si \u2013 bak\u0131l\u0131lar v\u0259 paytaxt\u0131n qonaqlar\u0131 topla\u015fd\u0131\u011f\u0131 bir s\u0131ra yerdir ki, burada onlar n\u0259fis, dadl\u0131 v\u0259 sa\u011flam qidan\u0131 dada, \u015f\u0259rq v\u0259 Avropa [&hellip;]","protected":false},"author":1,"featured_media":0,"parent":0,"menu_order":0,"comment_status":"closed","ping_status":"closed","template":"template-fullwidth.php","meta":{"footnotes":""},"class_list":["post-3328","page","type-page","status-publish","hentry"],"_links":{"self":[{"href":"https:\/\/anadolu.az\/ru\/wp-json\/wp\/v2\/pages\/3328","targetHints":{"allow":["GET"]}}],"collection":[{"href":"https:\/\/anadolu.az\/ru\/wp-json\/wp\/v2\/pages"}],"about":[{"href":"https:\/\/anadolu.az\/ru\/wp-json\/wp\/v2\/types\/page"}],"author":[{"embeddable":true,"href":"https:\/\/anadolu.az\/ru\/wp-json\/wp\/v2\/users\/1"}],"replies":[{"embeddable":true,"href":"https:\/\/anadolu.az\/ru\/wp-json\/wp\/v2\/comments?post=3328"}],"version-history":[{"count":2,"href":"https:\/\/anadolu.az\/ru\/wp-json\/wp\/v2\/pages\/3328\/revisions"}],"predecessor-version":[{"id":4054,"href":"https:\/\/anadolu.az\/ru\/wp-json\/wp\/v2\/pages\/3328\/revisions\/4054"}],"wp:attachment":[{"href":"https:\/\/anadolu.az\/ru\/wp-json\/wp\/v2\/media?parent=3328"}],"curies":[{"name":"wp","href":"https:\/\/api.w.org\/{rel}","templated":true}]}}