        {"id":3332,"date":"2025-02-28T01:01:53","date_gmt":"2025-02-27T21:01:53","guid":{"rendered":"https:\/\/15ndl.upturnlab.com\/?page_id=3332"},"modified":"2025-08-10T19:29:22","modified_gmt":"2025-08-10T15:29:22","slug":"konfidensialliq-siyaseti","status":"publish","type":"page","link":"https:\/\/anadolu.az\/ru\/konfidensialliq-siyaseti\/","title":{"rendered":"\u041f\u043e\u043b\u0438\u0442\u0438\u043a\u0430 \u043a\u043e\u043d\u0444\u0438\u0434\u0435\u043d\u0446\u0438\u0430\u043b\u044c\u043d\u043e\u0441\u0442\u0438"},"content":{"rendered":"\u0412 ANADOLU \u043c\u044b \u0441\u0447\u0438\u0442\u0430\u0435\u043c \u0437\u0430\u0449\u0438\u0442\u0443 \u043a\u043e\u043d\u0444\u0438\u0434\u0435\u043d\u0446\u0438\u0430\u043b\u044c\u043d\u043e\u0441\u0442\u0438 \u043f\u0435\u0440\u0441\u043e\u043d\u0430\u043b\u044c\u043d\u044b\u0445 \u0434\u0430\u043d\u043d\u044b\u0445 \u043d\u0430\u0448\u0438\u0445 \u043a\u043b\u0438\u0435\u043d\u0442\u043e\u0432 \u043e\u0434\u043d\u0438\u043c \u0438\u0437 \u043a\u043b\u044e\u0447\u0435\u0432\u044b\u0445 \u043f\u0440\u0438\u043e\u0440\u0438\u0442\u0435\u0442\u043e\u0432.\n\u041d\u0430\u0441\u0442\u043e\u044f\u0449\u0430\u044f \u043f\u043e\u043b\u0438\u0442\u0438\u043a\u0430 \u043a\u043e\u043d\u0444\u0438\u0434\u0435\u043d\u0446\u0438\u0430\u043b\u044c\u043d\u043e\u0441\u0442\u0438 \u0440\u0430\u0437\u044a\u044f\u0441\u043d\u044f\u0435\u0442, \u043a\u0430\u043a\u0438\u043c \u043e\u0431\u0440\u0430\u0437\u043e\u043c \u0441\u043e\u0431\u0438\u0440\u0430\u044e\u0442\u0441\u044f, \u0438\u0441\u043f\u043e\u043b\u044c\u0437\u0443\u044e\u0442\u0441\u044f \u0438 \u0437\u0430\u0449\u0438\u0449\u0430\u044e\u0442\u0441\u044f \u0432\u0430\u0448\u0438 \u0434\u0430\u043d\u043d\u044b\u0435.\r\n<ol>\r\n \t<li>\u0421\u043e\u0431\u0438\u0440\u0430\u0435\u043c\u044b\u0435 \u0434\u0430\u043d\u043d\u044b\u0435\r\n<ul>\r\n \t<li>\u041f\u0435\u0440\u0441\u043e\u043d\u0430\u043b\u044c\u043d\u044b\u0435 \u0434\u0430\u043d\u043d\u044b\u0435: \u0418\u043c\u044f, \u0444\u0430\u043c\u0438\u043b\u0438\u044f, \u043d\u043e\u043c\u0435\u0440 \u0442\u0435\u043b\u0435\u0444\u043e\u043d\u0430, \u0430\u0434\u0440\u0435\u0441 \u044d\u043b\u0435\u043a\u0442\u0440\u043e\u043d\u043d\u043e\u0439 \u043f\u043e\u0447\u0442\u044b, \u0430\u0434\u0440\u0435\u0441 \u0434\u043e\u0441\u0442\u0430\u0432\u043a\u0438 \u0438 \u0434\u0440\u0443\u0433\u0438\u0435 \u0430\u043d\u0430\u043b\u043e\u0433\u0438\u0447\u043d\u044b\u0435 \u0441\u0432\u0435\u0434\u0435\u043d\u0438\u044f.<\/li>\r\n \t<li>\u0422\u0435\u0445\u043d\u0438\u0447\u0435\u0441\u043a\u0438\u0435 \u0434\u0430\u043d\u043d\u044b\u0435: IP-\u0430\u0434\u0440\u0435\u0441, \u0432\u0440\u0435\u043c\u044f \u0432\u0445\u043e\u0434\u0430 \u043d\u0430 \u0441\u0430\u0439\u0442, \u0438\u0441\u043f\u043e\u043b\u044c\u0437\u0443\u0435\u043c\u043e\u0435 \u0443\u0441\u0442\u0440\u043e\u0439\u0441\u0442\u0432\u043e \u0438 \u0431\u0440\u0430\u0443\u0437\u0435\u0440.<\/li>\r\n<\/ul>\r\n<\/li>\r\n \t<li>\u0418\u0441\u043f\u043e\u043b\u044c\u0437\u043e\u0432\u0430\u043d\u0438\u0435 \u0434\u0430\u043d\u043d\u044b\u0445<\/li>\r\n \t<li>\u0421\u043e\u0431\u0440\u0430\u043d\u043d\u044b\u0435 \u0434\u0430\u043d\u043d\u044b\u0435 \u0438\u0441\u043f\u043e\u043b\u044c\u0437\u0443\u044e\u0442\u0441\u044f \u0434\u043b\u044f \u0441\u043b\u0435\u0434\u0443\u044e\u0449\u0438\u0445 \u0446\u0435\u043b\u0435\u0439:\r\n<ul>\r\n \t<li>\u041f\u0440\u0438\u0451\u043c \u0438 \u0434\u043e\u0441\u0442\u0430\u0432\u043a\u0430 \u0437\u0430\u043a\u0430\u0437\u043e\u0432;<\/li>\r\n \t<li>\u041e\u0442\u0432\u0435\u0442\u044b \u043d\u0430 \u0437\u0430\u043f\u0440\u043e\u0441\u044b \u043a\u043b\u0438\u0435\u043d\u0442\u043e\u0432;<\/li>\r\n \t<li>\u041e\u0442\u043f\u0440\u0430\u0432\u043a\u0430 \u0441\u043f\u0435\u0446\u0438\u0430\u043b\u044c\u043d\u044b\u0445 \u043f\u0440\u0435\u0434\u043b\u043e\u0436\u0435\u043d\u0438\u0439 \u0438 \u043d\u043e\u0432\u043e\u0441\u0442\u0435\u0439 (\u043f\u0440\u0438 \u043d\u0430\u043b\u0438\u0447\u0438\u0438 \u0441\u043e\u0433\u043b\u0430\u0441\u0438\u044f);<\/li>\r\n \t<li>\u0423\u043b\u0443\u0447\u0448\u0435\u043d\u0438\u0435 \u043a\u0430\u0447\u0435\u0441\u0442\u0432\u0430 \u043e\u0431\u0441\u043b\u0443\u0436\u0438\u0432\u0430\u043d\u0438\u044f \u0438 \u0441\u0442\u0430\u0442\u0438\u0441\u0442\u0438\u0447\u0435\u0441\u043a\u0430\u044f \u0430\u043d\u0430\u043b\u0438\u0442\u0438\u043a\u0430.<\/li>\r\n<\/ul>\r\n<\/li>\r\n \t<li>\u0417\u0430\u0449\u0438\u0442\u0430 \u0434\u0430\u043d\u043d\u044b\u0445\r\n<ul>\r\n \t<li>\u0412\u0430\u0448\u0438 \u0434\u0430\u043d\u043d\u044b\u0435 \u0437\u0430\u0449\u0438\u0449\u0430\u044e\u0442\u0441\u044f \u0432 \u0441\u043e\u043e\u0442\u0432\u0435\u0442\u0441\u0442\u0432\u0438\u0438 \u0441 \u0432\u044b\u0441\u043e\u043a\u0438\u043c\u0438 \u0441\u0442\u0430\u043d\u0434\u0430\u0440\u0442\u0430\u043c\u0438 \u0431\u0435\u0437\u043e\u043f\u0430\u0441\u043d\u043e\u0441\u0442\u0438.<\/li>\r\n \t<li>\u041c\u044b \u043f\u0440\u0438\u043c\u0435\u043d\u044f\u0435\u043c \u0441\u043e\u0432\u0440\u0435\u043c\u0435\u043d\u043d\u044b\u0435 \u0442\u0435\u0445\u043d\u043e\u043b\u043e\u0433\u0438\u0438 \u0438 \u0432\u043d\u0443\u0442\u0440\u0435\u043d\u043d\u0438\u0435 \u043f\u0440\u043e\u0446\u0435\u0434\u0443\u0440\u044b \u0434\u043b\u044f \u043f\u0440\u0435\u0434\u043e\u0442\u0432\u0440\u0430\u0449\u0435\u043d\u0438\u044f \u043d\u0435\u0441\u0430\u043d\u043a\u0446\u0438\u043e\u043d\u0438\u0440\u043e\u0432\u0430\u043d\u043d\u043e\u0433\u043e \u0434\u043e\u0441\u0442\u0443\u043f\u0430 \u043a \u0438\u043d\u0444\u043e\u0440\u043c\u0430\u0446\u0438\u0438.<\/li>\r\n \t<li>\u0412\u0430\u0448\u0438 \u0434\u0430\u043d\u043d\u044b\u0435 \u043d\u0435 \u043f\u0440\u043e\u0434\u0430\u044e\u0442\u0441\u044f \u0438 \u043d\u0435 \u043f\u0435\u0440\u0435\u0434\u0430\u044e\u0442\u0441\u044f \u0442\u0440\u0435\u0442\u044c\u0438\u043c \u043b\u0438\u0446\u0430\u043c \u0431\u0435\u0437 \u0432\u0430\u0448\u0435\u0433\u043e \u0441\u043e\u0433\u043b\u0430\u0441\u0438\u044f, \u0437\u0430 \u0438\u0441\u043a\u043b\u044e\u0447\u0435\u043d\u0438\u0435\u043c \u0441\u043b\u0435\u0434\u0443\u044e\u0449\u0438\u0445 \u0441\u043b\u0443\u0447\u0430\u0435\u0432:\r\n<ul>\r\n \t<li>\u041f\u0435\u0440\u0435\u0434\u0430\u0447\u0430 \u0438\u043d\u0444\u043e\u0440\u043c\u0430\u0446\u0438\u0438 \u043b\u043e\u0433\u0438\u0441\u0442\u0438\u0447\u0435\u0441\u043a\u0438\u043c \u0441\u043b\u0443\u0436\u0431\u0430\u043c \u0434\u043b\u044f \u0434\u043e\u0441\u0442\u0430\u0432\u043a\u0438 \u0437\u0430\u043a\u0430\u0437\u0430;<\/li>\r\n \t<li>\u041f\u0440\u0435\u0434\u043e\u0441\u0442\u0430\u0432\u043b\u0435\u043d\u0438\u0435 \u0434\u0430\u043d\u043d\u044b\u0445 \u043f\u0440\u0430\u0432\u043e\u043e\u0445\u0440\u0430\u043d\u0438\u0442\u0435\u043b\u044c\u043d\u044b\u043c \u0438\u043b\u0438 \u0433\u043e\u0441\u0443\u0434\u0430\u0440\u0441\u0442\u0432\u0435\u043d\u043d\u044b\u043c \u043e\u0440\u0433\u0430\u043d\u0430\u043c \u043f\u043e \u0442\u0440\u0435\u0431\u043e\u0432\u0430\u043d\u0438\u044e \u0437\u0430\u043a\u043e\u043d\u0430.<\/li>\r\n \t<li>\u0421\u0440\u043e\u043a \u0445\u0440\u0430\u043d\u0435\u043d\u0438\u044f \u0434\u0430\u043d\u043d\u044b\u0445: \u0412\u0430\u0448\u0438 \u043f\u0435\u0440\u0441\u043e\u043d\u0430\u043b\u044c\u043d\u044b\u0435 \u0434\u0430\u043d\u043d\u044b\u0435 \u0445\u0440\u0430\u043d\u044f\u0442\u0441\u044f \u0442\u043e\u043b\u044c\u043a\u043e \u0432 \u0442\u0435\u0447\u0435\u043d\u0438\u0435 \u043f\u0435\u0440\u0438\u043e\u0434\u0430, \u043d\u0435\u043e\u0431\u0445\u043e\u0434\u0438\u043c\u043e\u0433\u043e \u0434\u043b\u044f \u0443\u043a\u0430\u0437\u0430\u043d\u043d\u044b\u0445 \u0446\u0435\u043b\u0435\u0439.<\/li>\r\n \t<li>\u041f\u0440\u0430\u0432\u0430 \u043f\u043e\u043b\u044c\u0437\u043e\u0432\u0430\u0442\u0435\u043b\u044f\n\u0412\u044b \u0438\u043c\u0435\u0435\u0442\u0435 \u043f\u0440\u0430\u0432\u043e:\r\n<ul>\r\n \t<li>\u0417\u0430\u043f\u0440\u043e\u0441\u0438\u0442\u044c \u0443\u0434\u0430\u043b\u0435\u043d\u0438\u0435 \u0432\u0430\u0448\u0438\u0445 \u043f\u0435\u0440\u0441\u043e\u043d\u0430\u043b\u044c\u043d\u044b\u0445 \u0434\u0430\u043d\u043d\u044b\u0445;<\/li>\r\n \t<li>\u0423\u0437\u043d\u0430\u0442\u044c \u0446\u0435\u043b\u044c \u043e\u0431\u0440\u0430\u0431\u043e\u0442\u043a\u0438 \u0434\u0430\u043d\u043d\u044b\u0445;<\/li>\r\n \t<li>\u041e\u0442\u043a\u0430\u0437\u0430\u0442\u044c\u0441\u044f \u043e\u0442 \u0440\u0435\u043a\u043b\u0430\u043c\u043d\u044b\u0445 \u0440\u0430\u0441\u0441\u044b\u043b\u043e\u043a \u0438 \u0443\u0432\u0435\u0434\u043e\u043c\u043b\u0435\u043d\u0438\u0439.<\/li>\r\n<\/ul>\r\n<\/li>\r\n<\/ul>\r\n<\/li>\r\n<\/ul>\r\n<\/li>\r\n<\/ol>\r\n\u0421\u0432\u044f\u0437\u0430\u0442\u044c\u0441\u044f \u0441 \u043d\u0430\u043c\u0438\n\n\u0415\u0441\u043b\u0438 \u0443 \u0432\u0430\u0441 \u0435\u0441\u0442\u044c \u0434\u043e\u043f\u043e\u043b\u043d\u0438\u0442\u0435\u043b\u044c\u043d\u044b\u0435 \u0432\u043e\u043f\u0440\u043e\u0441\u044b, \u0441\u0432\u044f\u0437\u0430\u043d\u043d\u044b\u0435 \u0441 \u043d\u0430\u0448\u0435\u0439 \u043f\u043e\u043b\u0438\u0442\u0438\u043a\u043e\u0439 \u043a\u043e\u043d\u0444\u0438\u0434\u0435\u043d\u0446\u0438\u0430\u043b\u044c\u043d\u043e\u0441\u0442\u0438, \u0432\u044b \u043c\u043e\u0436\u0435\u0442\u0435 \u0441\u0432\u044f\u0437\u0430\u0442\u044c\u0441\u044f \u0441 \u043d\u0430\u043c\u0438 \u043f\u043e \u0441\u043b\u0435\u0434\u0443\u044e\u0449\u0438\u043c \u043a\u043e\u043d\u0442\u0430\u043a\u0442\u0430\u043c:\n\n\u0422\u0435\u043b\u0435\u0444\u043e\u043d: +994 12 498 01 02\nE-mail: office@anadolu.az\n\n\u041c\u044b \u0446\u0435\u043d\u0438\u043c \u0432\u0430\u0448\u0443 \u043a\u043e\u043d\u0444\u0438\u0434\u0435\u043d\u0446\u0438\u0430\u043b\u044c\u043d\u043e\u0441\u0442\u044c \u0438 \u043e\u0441\u0442\u0430\u0451\u043c\u0441\u044f \u043f\u0440\u0438\u0432\u0435\u0440\u0436\u0435\u043d\u043d\u044b\u043c\u0438 \u044d\u0442\u043e\u0439 \u043e\u0442\u0432\u0435\u0442\u0441\u0442\u0432\u0435\u043d\u043d\u043e\u0441\u0442\u0438.","protected":false},"excerpt":{"rendered":"Anadolu olaraq, m\u00fc\u015ft\u0259ril\u0259rimizin \u015f\u0259xsi m\u0259lumatlar\u0131n\u0131n m\u0259xfiliyini qoruma\u011f\u0131 \u0259sas prioritetl\u0259rimizd\u0259n biri hesab edirik. Bu konfidensiall\u0131q siyas\u0259ti sizin m\u0259lumatlar\u0131n\u0131z\u0131n nec\u0259 toplan\u0131ld\u0131\u011f\u0131n\u0131, istifad\u0259 edildiyini v\u0259 qorundu\u011funu izah edir. \u2060Toplanan M\u0259lumatlar \u015e\u0259xsi m\u0259lumatlar: Ad, soyad, telefon n\u00f6mr\u0259si, e-po\u00e7t \u00fcnvan\u0131, \u00e7atd\u0131r\u0131lma \u00fcnvan\u0131 v\u0259 s. Texniki m\u0259lumatlar: Vebsayt\u0131m\u0131za giri\u015f zaman\u0131 IP \u00fcnvan\u0131, istifad\u0259 etdiyiniz cihaz v\u0259 brauzer m\u0259lumatlar\u0131. M\u0259lumatlar\u0131n \u0130stifad\u0259si Toplanm\u0131\u015f [&hellip;]","protected":false},"author":1,"featured_media":0,"parent":0,"menu_order":0,"comment_status":"closed","ping_status":"closed","template":"template-fullwidth.php","meta":{"footnotes":""},"class_list":["post-3332","page","type-page","status-publish","hentry"],"_links":{"self":[{"href":"https:\/\/anadolu.az\/ru\/wp-json\/wp\/v2\/pages\/3332","targetHints":{"allow":["GET"]}}],"collection":[{"href":"https:\/\/anadolu.az\/ru\/wp-json\/wp\/v2\/pages"}],"about":[{"href":"https:\/\/anadolu.az\/ru\/wp-json\/wp\/v2\/types\/page"}],"author":[{"embeddable":true,"href":"https:\/\/anadolu.az\/ru\/wp-json\/wp\/v2\/users\/1"}],"replies":[{"embeddable":true,"href":"https:\/\/anadolu.az\/ru\/wp-json\/wp\/v2\/comments?post=3332"}],"version-history":[{"count":6,"href":"https:\/\/anadolu.az\/ru\/wp-json\/wp\/v2\/pages\/3332\/revisions"}],"predecessor-version":[{"id":4075,"href":"https:\/\/anadolu.az\/ru\/wp-json\/wp\/v2\/pages\/3332\/revisions\/4075"}],"wp:attachment":[{"href":"https:\/\/anadolu.az\/ru\/wp-json\/wp\/v2\/media?parent=3332"}],"curies":[{"name":"wp","href":"https:\/\/api.w.org\/{rel}","templated":true}]}}