        {"id":3935,"date":"2025-03-23T21:36:00","date_gmt":"2025-03-23T17:36:00","guid":{"rendered":"https:\/\/15ndl.upturnlab.com\/?page_id=3935"},"modified":"2025-07-06T14:01:22","modified_gmt":"2025-07-06T10:01:22","slug":"catdirilma","status":"publish","type":"page","link":"https:\/\/anadolu.az\/ru\/menu\/catdirilma\/","title":{"rendered":"\u041e\u043d\u043b\u0430\u0439\u043d-\u043c\u0435\u043d\u044e \u0434\u043e\u0441\u0442\u0430\u0432\u043a\u0438"},"content":{"rendered":"<div class=\"xxxgrid3\">\n        <!--<a href=\"https:\/\/anadolu.az\/pc\/ramazan-2026\/\" class=\"xxxcard-link\">\n            <div class=\"xxxcard\" style=\"background-image: url('https:\/\/anadolu.az\/wp-content\/uploads\/2026\/02\/IMG_6767.JPG.jpeg');\">\n                <h3>Ramazan 2026<\/h3>\n            <\/div>\n        <\/a>-->\n        <a id=\"lunch-link\" href=\"https:\/\/anadolu.az\/ru\/pc\/biznes-lanc\/\" class=\"xxxcard-link\">\n            <div class=\"xxxcard\" style=\"background-image:url('https:\/\/anadolu.az\/wp-content\/uploads\/2026\/03\/Gemini_Generated_Image_gjixzggjixzggjix.png');\">\n                <h3>Bug\u00fcn\u00fcn biznes-lan\u00e7\u0131<\/h3>\n            <\/div>\n        <\/a>\n        <a href=\"https:\/\/anadolu.az\/ru\/pc\/avropa-yemekleri\/\" class=\"xxxcard-link\">\n            <div class=\"xxxcard\" style=\"background-image: url('https:\/\/anadolu.az\/wp-content\/uploads\/2025\/03\/1-1.webp');\">\n                <h3>\u0415\u0432\u0440\u043e\u043f\u0435\u0439\u0441\u043a\u0430\u044f \u043a\u0443\u0445\u043d\u044f<\/h3>\n            <\/div>\n        <\/a>\n        <a href=\"https:\/\/anadolu.az\/ru\/pc\/azerbaycan-yemekleri\/\" class=\"xxxcard-link\">\n            <div class=\"xxxcard\" style=\"background-image: url('https:\/\/anadolu.az\/wp-content\/uploads\/2025\/03\/2-1.webp');\">\n                <h3>\u0410\u0437\u0435\u0440\u0431\u0430\u0439\u0434\u0436\u0430\u043d\u0441\u043a\u0430\u044f \u043a\u0443\u0445\u043d\u044f<\/h3>\n            <\/div>\n        <\/a>\n        <a href=\"https:\/\/anadolu.az\/ru\/pc\/baliq-yemekleri\/\" class=\"xxxcard-link\">\n            <div class=\"xxxcard\" style=\"background-image: url('https:\/\/anadolu.az\/wp-content\/uploads\/2025\/03\/3-1.webp');\">\n                <h3>\u0420\u044b\u0431\u043d\u044b\u0435 \u0431\u043b\u044e\u0434\u0430<\/h3>\n            <\/div>\n        <\/a>\n        <a href=\"https:\/\/anadolu.az\/ru\/pc\/bayram-yemekleri\/\" class=\"xxxcard-link\">\n            <div class=\"xxxcard\" style=\"background-image: url('https:\/\/anadolu.az\/wp-content\/uploads\/2025\/03\/4.webp');\">\n                <h3>\u041f\u0440\u0430\u0437\u0434\u043d\u0438\u0447\u043d\u044b\u0435 \u0431\u043b\u044e\u0434\u0430<\/h3>\n            <\/div>\n        <\/a>\n        <a href=\"https:\/\/anadolu.az\/ru\/pc\/burqerler\/\" class=\"xxxcard-link\">\n            <div class=\"xxxcard\" style=\"background-image: url('https:\/\/anadolu.az\/wp-content\/uploads\/2025\/03\/5.webp');\">\n                <h3>\u0411\u0443\u0440\u0433\u0435\u0440\u044b<\/h3>\n            <\/div>\n        <\/a>\n        <a href=\"https:\/\/anadolu.az\/ru\/pc\/corek\/\" class=\"xxxcard-link\">\n            <div class=\"xxxcard\" style=\"background-image: url('https:\/\/anadolu.az\/wp-content\/uploads\/2025\/03\/6.webp');\">\n                <h3>\u0425\u043b\u0435\u0431<\/h3>\n            <\/div>\n        <\/a>\n        <a href=\"https:\/\/anadolu.az\/ru\/pc\/desertler\/\" class=\"xxxcard-link\">\n            <div class=\"xxxcard\" style=\"background-image: url('https:\/\/anadolu.az\/wp-content\/uploads\/2025\/03\/7.webp');\">\n                <h3>\u0414\u0435\u0441\u0435\u0440\u0442\u044b<\/h3>\n            <\/div>\n        <\/a>\n        <a href=\"https:\/\/anadolu.az\/ru\/pc\/doner\/\" class=\"xxxcard-link\">\n            <div class=\"xxxcard\" style=\"background-image: url('https:\/\/anadolu.az\/wp-content\/uploads\/2025\/03\/8.webp');\">\n                <h3>D\u00f6n\u0259r<\/h3>\n            <\/div>\n        <\/a>\n        <a href=\"https:\/\/anadolu.az\/ru\/pc\/kabablar\/\" class=\"xxxcard-link\">\n            <div class=\"xxxcard\" style=\"background-image: url('https:\/\/anadolu.az\/wp-content\/uploads\/2025\/03\/9.webp');\">\n                <h3>\u041a\u0435\u0431\u0430\u0431<\/h3>\n            <\/div>\n        <\/a>\n        <a href=\"https:\/\/anadolu.az\/ru\/pc\/kombo-menyu\/\" class=\"xxxcard-link\">\n            <div class=\"xxxcard\" style=\"background-image: url('https:\/\/anadolu.az\/wp-content\/uploads\/2025\/03\/10.webp');\">\n                <h3>\u041a\u043e\u043c\u0431\u043e-\u043c\u0435\u043d\u044e<\/h3>\n            <\/div>\n        <\/a>\n        <a href=\"https:\/\/anadolu.az\/ru\/pc\/lahmacun\/\" class=\"xxxcard-link\">\n            <div class=\"xxxcard\" style=\"background-image: url('https:\/\/anadolu.az\/wp-content\/uploads\/2025\/03\/11.webp');\">\n                <h3>\u041b\u0430\u0445\u043c\u0430\u0434\u0436\u0443\u043d<\/h3>\n            <\/div>\n        <\/a>\n        <a href=\"https:\/\/anadolu.az\/ru\/pc\/pasta\/\" class=\"xxxcard-link\">\n            <div class=\"xxxcard\" style=\"background-image: url('https:\/\/anadolu.az\/wp-content\/uploads\/2025\/03\/12.webp');\">\n                <h3>Pasta<\/h3>\n            <\/div>\n        <\/a>\n        <a href=\"https:\/\/anadolu.az\/ru\/pc\/pehriz-yemekleri\/\" class=\"xxxcard-link\">\n            <div class=\"xxxcard\" style=\"background-image: url('https:\/\/anadolu.az\/wp-content\/uploads\/2025\/03\/13.webp');\">\n                <h3>\u0414\u0438\u0435\u0442\u0438\u0447\u0435\u0441\u043a\u0438\u0435 \u0431\u043b\u044e\u0434\u0430<\/h3>\n            <\/div>\n        <\/a>\n        <a href=\"https:\/\/anadolu.az\/ru\/pc\/pide\/\" class=\"xxxcard-link\">\n            <div class=\"xxxcard\" style=\"background-image: url('https:\/\/anadolu.az\/wp-content\/uploads\/2025\/03\/14.webp');\">\n                <h3>Pide<\/h3>\n            <\/div>\n        <\/a>\n        <a href=\"https:\/\/anadolu.az\/ru\/pc\/pizza\/\" class=\"xxxcard-link\">\n            <div class=\"xxxcard\" style=\"background-image: url('https:\/\/anadolu.az\/wp-content\/uploads\/2025\/03\/15.webp');\">\n                <h3>Pizza<\/h3>\n            <\/div>\n        <\/a>\n        <a href=\"https:\/\/anadolu.az\/ru\/pc\/qarnirler\/\" class=\"xxxcard-link\">\n            <div class=\"xxxcard\" style=\"background-image: url('https:\/\/anadolu.az\/wp-content\/uploads\/2025\/03\/16.webp');\">\n                <h3>\u0413\u0430\u0440\u043d\u0438\u0440\u044b<\/h3>\n            <\/div>\n        <\/a>\n        <a href=\"https:\/\/anadolu.az\/ru\/pc\/salatlar\/\" class=\"xxxcard-link\">\n            <div class=\"xxxcard\" style=\"background-image: url('https:\/\/anadolu.az\/wp-content\/uploads\/2025\/03\/17.webp');\">\n                <h3>\u0421\u0430\u043b\u0430\u0442\u044b<\/h3>\n            <\/div>\n        <\/a>\n        <a href=\"https:\/\/anadolu.az\/ru\/pc\/sendvicler\/\" class=\"xxxcard-link\">\n            <div class=\"xxxcard\" style=\"background-image: url('https:\/\/anadolu.az\/wp-content\/uploads\/2025\/03\/18.webp');\">\n                <h3>\u0421\u0435\u043d\u0434\u0432\u0438\u0447\u0438<\/h3>\n            <\/div>\n        <\/a>\n        <a href=\"https:\/\/anadolu.az\/ru\/pc\/seher-yemeyi\/\" class=\"xxxcard-link\">\n            <div class=\"xxxcard\" style=\"background-image: url('https:\/\/anadolu.az\/wp-content\/uploads\/2025\/03\/19.webp');\">\n                <h3>S\u0259h\u0259r yem\u0259yi<\/h3>\n            <\/div>\n        <\/a>\n        <a href=\"https:\/\/anadolu.az\/ru\/pc\/serinlesdirici-ickiler\/\" class=\"xxxcard-link\">\n            <div class=\"xxxcard\" style=\"background-image: url('https:\/\/anadolu.az\/wp-content\/uploads\/2025\/03\/20.webp');\">\n                <h3>\u041e\u0441\u0432\u0435\u0436\u0430\u044e\u0449\u0438\u0435 \u043d\u0430\u043f\u0438\u0442\u043a\u0438<\/h3>\n            <\/div>\n        <\/a>\n        <a href=\"https:\/\/anadolu.az\/ru\/pc\/sorbalar\/\" class=\"xxxcard-link\">\n            <div class=\"xxxcard\" style=\"background-image: url('https:\/\/anadolu.az\/wp-content\/uploads\/2025\/03\/ykxd8wyg5lmbdhrqez4b.webp');\">\n                <h3>\u0421\u0443\u043f\u044b<\/h3>\n            <\/div>\n        <\/a>\n        <a href=\"https:\/\/anadolu.az\/ru\/pc\/soyuq-qelyanaltilari\/\" class=\"xxxcard-link\">\n            <div class=\"xxxcard\" style=\"background-image: url('https:\/\/anadolu.az\/wp-content\/uploads\/2025\/03\/qnyqo9huiazgz1f6sown.webp');\">\n                <h3>\u0425\u043e\u043b\u043e\u0434\u043d\u044b\u0435 \u0437\u0430\u043a\u0443\u0441\u043a\u0438<\/h3>\n            <\/div>\n        <\/a>\n        <a href=\"https:\/\/anadolu.az\/ru\/pc\/terevez-yemekleri\/\" class=\"xxxcard-link\">\n            <div class=\"xxxcard\" style=\"background-image: url('https:\/\/anadolu.az\/wp-content\/uploads\/2025\/03\/qabdi71xpdohntbi3aih.webp');\">\n                <h3>\u041e\u0432\u043e\u0449\u043d\u044b\u0435 \u0431\u043b\u044e\u0434\u0430<\/h3>\n            <\/div>\n        <\/a>\n        <a href=\"https:\/\/anadolu.az\/ru\/pc\/teze-sixilmis-meyve-sireleri\/\" class=\"xxxcard-link\">\n            <div class=\"xxxcard\" style=\"background-image: url('https:\/\/anadolu.az\/wp-content\/uploads\/2025\/03\/tabhh6mwovnijqvlcwfd.webp');\">\n                <h3>\u0421\u0432\u0435\u0436\u0435\u0432\u044b\u0436\u0430\u0442\u044b\u0435 \u0444\u0440\u0443\u043a\u0442\u043e\u0432\u044b\u0435 \u0441\u043e\u043a\u0438<\/h3>\n            <\/div>\n        <\/a>\n        <a href=\"https:\/\/anadolu.az\/ru\/pc\/turk-yemekleri\/\" class=\"xxxcard-link\">\n            <div class=\"xxxcard\" style=\"background-image: url('https:\/\/anadolu.az\/wp-content\/uploads\/2025\/03\/yxdmm9kfeaqg4l7glass.webp');\">\n                <h3>T\u00fcrk yem\u0259kl\u0259ri<\/h3>\n            <\/div>\n        <\/a>\n        <a href=\"https:\/\/anadolu.az\/ru\/pc\/xemir-yemekleri\/\" class=\"xxxcard-link\">\n            <div class=\"xxxcard\" style=\"background-image: url('https:\/\/anadolu.az\/wp-content\/uploads\/2025\/03\/kj1ll2r2qb8h0yg2p0kp.webp');\">\n                <h3>\u041c\u0443\u0447\u043d\u044b\u0435 \u0431\u043b\u044e\u0434\u0430<\/h3>\n            <\/div>\n        <\/a>\n    <\/div>","protected":false},"excerpt":{"rendered":"","protected":false},"author":1,"featured_media":0,"parent":3314,"menu_order":0,"comment_status":"closed","ping_status":"closed","template":"template-fullwidth.php","meta":{"footnotes":""},"class_list":["post-3935","page","type-page","status-publish","hentry"],"_links":{"self":[{"href":"https:\/\/anadolu.az\/ru\/wp-json\/wp\/v2\/pages\/3935","targetHints":{"allow":["GET"]}}],"collection":[{"href":"https:\/\/anadolu.az\/ru\/wp-json\/wp\/v2\/pages"}],"about":[{"href":"https:\/\/anadolu.az\/ru\/wp-json\/wp\/v2\/types\/page"}],"author":[{"embeddable":true,"href":"https:\/\/anadolu.az\/ru\/wp-json\/wp\/v2\/users\/1"}],"replies":[{"embeddable":true,"href":"https:\/\/anadolu.az\/ru\/wp-json\/wp\/v2\/comments?post=3935"}],"version-history":[{"count":4,"href":"https:\/\/anadolu.az\/ru\/wp-json\/wp\/v2\/pages\/3935\/revisions"}],"predecessor-version":[{"id":3948,"href":"https:\/\/anadolu.az\/ru\/wp-json\/wp\/v2\/pages\/3935\/revisions\/3948"}],"up":[{"embeddable":true,"href":"https:\/\/anadolu.az\/ru\/wp-json\/wp\/v2\/pages\/3314"}],"wp:attachment":[{"href":"https:\/\/anadolu.az\/ru\/wp-json\/wp\/v2\/media?parent=3935"}],"curies":[{"name":"wp","href":"https:\/\/api.w.org\/{rel}","templated":true}]}}