        {"id":3399,"date":"2025-03-02T20:29:23","date_gmt":"2025-03-02T16:29:23","guid":{"rendered":"https:\/\/15ndl.upturnlab.com\/?post_type=product&#038;p=3399"},"modified":"2026-03-13T15:11:38","modified_gmt":"2026-03-13T11:11:38","slug":"kutum-levengi-4-5-neferlik","status":"publish","type":"product","link":"https:\/\/anadolu.az\/ru\/product\/kutum-levengi-4-5-neferlik\/","title":{"rendered":"\u041b\u044f\u0432\u044f\u043d\u0433\u0438 \u0438\u0437 \u043a\u0443\u0442\u0443\u043c\u0430 (\u043d\u0430 4\u20135 \u043f\u0435\u0440\u0441\u043e\u043d)"},"content":{"rendered":"","protected":false},"excerpt":{"rendered":"4-5 n\u0259f\u0259rlik (1,2 kq  b\u0259z\u0259k daxil).\r\nK\u00fct\u00fcm bal\u0131\u011f\u0131, ordubad qozu, q\u0131rm\u0131z\u0131 so\u011fan, limon, nar.\r\nQeyd: 1 g\u00fcn \u00f6nc\u0259d\u0259n sifari\u015f q\u0259bul olunur.","protected":false},"featured_media":3400,"template":"","meta":[],"product_brand":[],"product_cat":[255],"product_tag":[],"class_list":{"0":"post-3399","1":"product","2":"type-product","3":"status-publish","4":"has-post-thumbnail","6":"product_cat-bayram-yemekleri","8":"first","9":"instock","10":"shipping-taxable","11":"purchasable","12":"product-type-simple"},"_links":{"self":[{"href":"https:\/\/anadolu.az\/ru\/wp-json\/wp\/v2\/product\/3399","targetHints":{"allow":["GET"]}}],"collection":[{"href":"https:\/\/anadolu.az\/ru\/wp-json\/wp\/v2\/product"}],"about":[{"href":"https:\/\/anadolu.az\/ru\/wp-json\/wp\/v2\/types\/product"}],"wp:featuredmedia":[{"embeddable":true,"href":"https:\/\/anadolu.az\/ru\/wp-json\/wp\/v2\/media\/3400"}],"wp:attachment":[{"href":"https:\/\/anadolu.az\/ru\/wp-json\/wp\/v2\/media?parent=3399"}],"wp:term":[{"taxonomy":"product_brand","embeddable":true,"href":"https:\/\/anadolu.az\/ru\/wp-json\/wp\/v2\/product_brand?post=3399"},{"taxonomy":"product_cat","embeddable":true,"href":"https:\/\/anadolu.az\/ru\/wp-json\/wp\/v2\/product_cat?post=3399"},{"taxonomy":"product_tag","embeddable":true,"href":"https:\/\/anadolu.az\/ru\/wp-json\/wp\/v2\/product_tag?post=3399"}],"curies":[{"name":"wp","href":"https:\/\/api.w.org\/{rel}","templated":true}]}}