        {"id":3401,"date":"2025-03-02T20:36:10","date_gmt":"2025-03-02T16:36:10","guid":{"rendered":"https:\/\/15ndl.upturnlab.com\/?post_type=product&#038;p=3401"},"modified":"2026-03-13T15:11:17","modified_gmt":"2026-03-13T11:11:17","slug":"meyv%c9%99-il%c9%99-doldurulmus-sobada-bisirilmis-hind-qusu-8-10-n%c9%99f%c9%99rlik","status":"publish","type":"product","link":"https:\/\/anadolu.az\/ru\/product\/meyv%c9%99-il%c9%99-doldurulmus-sobada-bisirilmis-hind-qusu-8-10-n%c9%99f%c9%99rlik\/","title":{"rendered":"\u0417\u0430\u043f\u0435\u0447\u0451\u043d\u043d\u0430\u044f \u0438\u043d\u0434\u0435\u0439\u043a\u0430, \u0444\u0430\u0440\u0448\u0438\u0440\u043e\u0432\u0430\u043d\u043d\u0430\u044f \u0444\u0440\u0443\u043a\u0442\u0430\u043c\u0438 (\u043d\u0430 8\u201310 \u043f\u0435\u0440\u0441\u043e\u043d)"},"content":{"rendered":"","protected":false},"excerpt":{"rendered":"8-10 n\u0259f\u0259rlik (3 kq b\u0259z\u0259k daxil).\r\nHind qu\u015fu, kivi, alma, porta\u011fal, qara \u00fcz\u00fcm.\r\nQeyd: 1 g\u00fcn \u00f6nc\u0259d\u0259n sifari\u015f q\u0259bul olunur.","protected":false},"featured_media":3402,"template":"","meta":[],"product_brand":[],"product_cat":[255],"product_tag":[],"class_list":{"0":"post-3401","1":"product","2":"type-product","3":"status-publish","4":"has-post-thumbnail","6":"product_cat-bayram-yemekleri","8":"first","9":"instock","10":"shipping-taxable","11":"purchasable","12":"product-type-simple"},"_links":{"self":[{"href":"https:\/\/anadolu.az\/ru\/wp-json\/wp\/v2\/product\/3401","targetHints":{"allow":["GET"]}}],"collection":[{"href":"https:\/\/anadolu.az\/ru\/wp-json\/wp\/v2\/product"}],"about":[{"href":"https:\/\/anadolu.az\/ru\/wp-json\/wp\/v2\/types\/product"}],"wp:featuredmedia":[{"embeddable":true,"href":"https:\/\/anadolu.az\/ru\/wp-json\/wp\/v2\/media\/3402"}],"wp:attachment":[{"href":"https:\/\/anadolu.az\/ru\/wp-json\/wp\/v2\/media?parent=3401"}],"wp:term":[{"taxonomy":"product_brand","embeddable":true,"href":"https:\/\/anadolu.az\/ru\/wp-json\/wp\/v2\/product_brand?post=3401"},{"taxonomy":"product_cat","embeddable":true,"href":"https:\/\/anadolu.az\/ru\/wp-json\/wp\/v2\/product_cat?post=3401"},{"taxonomy":"product_tag","embeddable":true,"href":"https:\/\/anadolu.az\/ru\/wp-json\/wp\/v2\/product_tag?post=3401"}],"curies":[{"name":"wp","href":"https:\/\/api.w.org\/{rel}","templated":true}]}}