        {"id":3410,"date":"2025-03-02T20:42:58","date_gmt":"2025-03-02T16:42:58","guid":{"rendered":"https:\/\/15ndl.upturnlab.com\/?post_type=product&#038;p=3410"},"modified":"2026-03-13T15:08:17","modified_gmt":"2026-03-13T11:08:17","slug":"quzu-tendir-20-25-neferlik","status":"publish","type":"product","link":"https:\/\/anadolu.az\/ru\/product\/quzu-tendir-20-25-neferlik\/","title":{"rendered":"\u0411\u0430\u0440\u0430\u043d\u0438\u043d\u0430 \u0442\u0430\u043d\u0434\u0438\u0440 (\u043d\u0430 20\u201325 \u043f\u0435\u0440\u0441\u043e\u043d)"},"content":{"rendered":"","protected":false},"excerpt":{"rendered":"20-25 n\u0259f\u0259rlik (9 kq b\u00fct\u00f6v quzu b\u0259z\u0259k daxil).\r\nQuzu, d\u00fcy\u00fc, ki\u015fmi\u015f, ordubad qozu.\r\nQeyd: 1 g\u00fcn \u00f6nc\u0259d\u0259n sifari\u015f q\u0259bul olunur.","protected":false},"featured_media":3411,"template":"","meta":[],"product_brand":[],"product_cat":[255],"product_tag":[],"class_list":{"0":"post-3410","1":"product","2":"type-product","3":"status-publish","4":"has-post-thumbnail","6":"product_cat-bayram-yemekleri","8":"first","9":"instock","10":"shipping-taxable","11":"purchasable","12":"product-type-simple"},"_links":{"self":[{"href":"https:\/\/anadolu.az\/ru\/wp-json\/wp\/v2\/product\/3410","targetHints":{"allow":["GET"]}}],"collection":[{"href":"https:\/\/anadolu.az\/ru\/wp-json\/wp\/v2\/product"}],"about":[{"href":"https:\/\/anadolu.az\/ru\/wp-json\/wp\/v2\/types\/product"}],"wp:featuredmedia":[{"embeddable":true,"href":"https:\/\/anadolu.az\/ru\/wp-json\/wp\/v2\/media\/3411"}],"wp:attachment":[{"href":"https:\/\/anadolu.az\/ru\/wp-json\/wp\/v2\/media?parent=3410"}],"wp:term":[{"taxonomy":"product_brand","embeddable":true,"href":"https:\/\/anadolu.az\/ru\/wp-json\/wp\/v2\/product_brand?post=3410"},{"taxonomy":"product_cat","embeddable":true,"href":"https:\/\/anadolu.az\/ru\/wp-json\/wp\/v2\/product_cat?post=3410"},{"taxonomy":"product_tag","embeddable":true,"href":"https:\/\/anadolu.az\/ru\/wp-json\/wp\/v2\/product_tag?post=3410"}],"curies":[{"name":"wp","href":"https:\/\/api.w.org\/{rel}","templated":true}]}}