        {"id":3412,"date":"2025-03-02T20:44:54","date_gmt":"2025-03-02T16:44:54","guid":{"rendered":"https:\/\/15ndl.upturnlab.com\/?post_type=product&#038;p=3412"},"modified":"2026-03-13T15:08:54","modified_gmt":"2026-03-13T11:08:54","slug":"sah-plov-8-10-neferlik","status":"publish","type":"product","link":"https:\/\/anadolu.az\/ru\/product\/sah-plov-8-10-neferlik\/","title":{"rendered":"\u0428\u0430\u0445-\u043f\u043b\u043e\u0432 (\u043d\u0430 8\u201310 \u043f\u0435\u0440\u0441\u043e\u043d)"},"content":{"rendered":"","protected":false},"excerpt":{"rendered":"8-10 n\u0259f\u0259rlik (3 kq b\u0259z\u0259k daxil).\r\nDana \u0259ti, d\u00fcy\u00fc, z\u0259f\u0259ran, so\u011fan, \u0259rik qurusu, albuxara, ki\u015fmi\u015f, \u015fabal\u0131d, k\u0259r\u0259 ya\u011f\u0131.\r\nQeyd: 1 g\u00fcn \u00f6nc\u0259d\u0259n sifari\u015f q\u0259bul olunur.","protected":false},"featured_media":3413,"template":"","meta":[],"product_brand":[],"product_cat":[255],"product_tag":[],"class_list":{"0":"post-3412","1":"product","2":"type-product","3":"status-publish","4":"has-post-thumbnail","6":"product_cat-bayram-yemekleri","8":"first","9":"instock","10":"shipping-taxable","11":"purchasable","12":"product-type-simple"},"_links":{"self":[{"href":"https:\/\/anadolu.az\/ru\/wp-json\/wp\/v2\/product\/3412","targetHints":{"allow":["GET"]}}],"collection":[{"href":"https:\/\/anadolu.az\/ru\/wp-json\/wp\/v2\/product"}],"about":[{"href":"https:\/\/anadolu.az\/ru\/wp-json\/wp\/v2\/types\/product"}],"wp:featuredmedia":[{"embeddable":true,"href":"https:\/\/anadolu.az\/ru\/wp-json\/wp\/v2\/media\/3413"}],"wp:attachment":[{"href":"https:\/\/anadolu.az\/ru\/wp-json\/wp\/v2\/media?parent=3412"}],"wp:term":[{"taxonomy":"product_brand","embeddable":true,"href":"https:\/\/anadolu.az\/ru\/wp-json\/wp\/v2\/product_brand?post=3412"},{"taxonomy":"product_cat","embeddable":true,"href":"https:\/\/anadolu.az\/ru\/wp-json\/wp\/v2\/product_cat?post=3412"},{"taxonomy":"product_tag","embeddable":true,"href":"https:\/\/anadolu.az\/ru\/wp-json\/wp\/v2\/product_tag?post=3412"}],"curies":[{"name":"wp","href":"https:\/\/api.w.org\/{rel}","templated":true}]}}