        {"id":3414,"date":"2025-03-02T20:46:33","date_gmt":"2025-03-02T16:46:33","guid":{"rendered":"https:\/\/15ndl.upturnlab.com\/?post_type=product&#038;p=3414"},"modified":"2026-03-13T15:07:21","modified_gmt":"2026-03-13T11:07:21","slug":"toyuq-l%c9%99v%c9%99ngisi-4-n%c9%99f%c9%99rlik","status":"publish","type":"product","link":"https:\/\/anadolu.az\/ru\/product\/toyuq-l%c9%99v%c9%99ngisi-4-n%c9%99f%c9%99rlik\/","title":{"rendered":"\u041a\u0443\u0440\u0438\u0446\u0430 \u043b\u044f\u0432\u044f\u043d\u0433\u0438 (\u043d\u0430 4 \u043f\u0435\u0440\u0441\u043e\u043d\u044b)"},"content":{"rendered":"","protected":false},"excerpt":{"rendered":"4 n\u0259f\u0259rlik (1.5 kq b\u0259z\u0259k daxil).\r\nToyuq, ordubad qozu, q\u0131rm\u0131z\u0131 so\u011fan, tur\u015fu lava\u015fana.\r\nQeyd: 1 g\u00fcn \u00f6nc\u0259d\u0259n sifari\u015f q\u0259bul olunur.","protected":false},"featured_media":3415,"template":"","meta":[],"product_brand":[],"product_cat":[255],"product_tag":[],"class_list":{"0":"post-3414","1":"product","2":"type-product","3":"status-publish","4":"has-post-thumbnail","6":"product_cat-bayram-yemekleri","8":"first","9":"outofstock","10":"shipping-taxable","11":"purchasable","12":"product-type-simple"},"_links":{"self":[{"href":"https:\/\/anadolu.az\/ru\/wp-json\/wp\/v2\/product\/3414","targetHints":{"allow":["GET"]}}],"collection":[{"href":"https:\/\/anadolu.az\/ru\/wp-json\/wp\/v2\/product"}],"about":[{"href":"https:\/\/anadolu.az\/ru\/wp-json\/wp\/v2\/types\/product"}],"wp:featuredmedia":[{"embeddable":true,"href":"https:\/\/anadolu.az\/ru\/wp-json\/wp\/v2\/media\/3415"}],"wp:attachment":[{"href":"https:\/\/anadolu.az\/ru\/wp-json\/wp\/v2\/media?parent=3414"}],"wp:term":[{"taxonomy":"product_brand","embeddable":true,"href":"https:\/\/anadolu.az\/ru\/wp-json\/wp\/v2\/product_brand?post=3414"},{"taxonomy":"product_cat","embeddable":true,"href":"https:\/\/anadolu.az\/ru\/wp-json\/wp\/v2\/product_cat?post=3414"},{"taxonomy":"product_tag","embeddable":true,"href":"https:\/\/anadolu.az\/ru\/wp-json\/wp\/v2\/product_tag?post=3414"}],"curies":[{"name":"wp","href":"https:\/\/api.w.org\/{rel}","templated":true}]}}