        {"id":3472,"date":"2025-03-02T22:09:23","date_gmt":"2025-03-02T18:09:23","guid":{"rendered":"https:\/\/15ndl.upturnlab.com\/?post_type=product&#038;p=3472"},"modified":"2025-09-25T14:26:40","modified_gmt":"2025-09-25T10:26:40","slug":"quzu-antrikot","status":"publish","type":"product","link":"https:\/\/anadolu.az\/ru\/product\/quzu-antrikot\/","title":{"rendered":"\u0411\u0430\u0440\u0430\u043d\u0438\u0439 \u0430\u043d\u0442\u0440\u0435\u043a\u043e\u0442"},"content":{"rendered":"","protected":false},"excerpt":{"rendered":"Quzu qab\u0131r\u011fas\u0131, so\u011fan.\r\n170 qr.","protected":false},"featured_media":3452,"template":"","meta":[],"product_brand":[],"product_cat":[280,258],"product_tag":[],"class_list":{"0":"post-3472","1":"product","2":"type-product","3":"status-publish","4":"has-post-thumbnail","6":"product_cat-azeri-kebab","7":"product_cat-kabablar","9":"first","10":"instock","11":"shipping-taxable","12":"purchasable","13":"product-type-simple"},"_links":{"self":[{"href":"https:\/\/anadolu.az\/ru\/wp-json\/wp\/v2\/product\/3472","targetHints":{"allow":["GET"]}}],"collection":[{"href":"https:\/\/anadolu.az\/ru\/wp-json\/wp\/v2\/product"}],"about":[{"href":"https:\/\/anadolu.az\/ru\/wp-json\/wp\/v2\/types\/product"}],"wp:featuredmedia":[{"embeddable":true,"href":"https:\/\/anadolu.az\/ru\/wp-json\/wp\/v2\/media\/3452"}],"wp:attachment":[{"href":"https:\/\/anadolu.az\/ru\/wp-json\/wp\/v2\/media?parent=3472"}],"wp:term":[{"taxonomy":"product_brand","embeddable":true,"href":"https:\/\/anadolu.az\/ru\/wp-json\/wp\/v2\/product_brand?post=3472"},{"taxonomy":"product_cat","embeddable":true,"href":"https:\/\/anadolu.az\/ru\/wp-json\/wp\/v2\/product_cat?post=3472"},{"taxonomy":"product_tag","embeddable":true,"href":"https:\/\/anadolu.az\/ru\/wp-json\/wp\/v2\/product_tag?post=3472"}],"curies":[{"name":"wp","href":"https:\/\/api.w.org\/{rel}","templated":true}]}}