        {"id":3488,"date":"2025-03-02T22:21:21","date_gmt":"2025-03-02T18:21:21","guid":{"rendered":"https:\/\/15ndl.upturnlab.com\/?post_type=product&#038;p=3488"},"modified":"2025-03-02T22:21:22","modified_gmt":"2025-03-02T18:21:22","slug":"isk%c9%99nd%c9%99r-toyuq","status":"publish","type":"product","link":"https:\/\/anadolu.az\/ru\/product\/isk%c9%99nd%c9%99r-toyuq\/","title":{"rendered":"\u0418\u0441\u043a\u0435\u043d\u0434\u0435\u0440 \u0441 \u043a\u0443\u0440\u0438\u0446\u0435\u0439"},"content":{"rendered":"","protected":false},"excerpt":{"rendered":"Toyuq \u0259ti, q\u0131zard\u0131lm\u0131\u015f \u00e7\u00f6r\u0259k, qat\u0131q, sal\u00e7a sousu.\r\n300 qr.","protected":false},"featured_media":3485,"template":"","meta":[],"product_brand":[],"product_cat":[258,281],"product_tag":[],"class_list":{"0":"post-3488","1":"product","2":"type-product","3":"status-publish","4":"has-post-thumbnail","6":"product_cat-kabablar","7":"product_cat-turk-kabablari","9":"first","10":"instock","11":"shipping-taxable","12":"purchasable","13":"product-type-simple"},"_links":{"self":[{"href":"https:\/\/anadolu.az\/ru\/wp-json\/wp\/v2\/product\/3488","targetHints":{"allow":["GET"]}}],"collection":[{"href":"https:\/\/anadolu.az\/ru\/wp-json\/wp\/v2\/product"}],"about":[{"href":"https:\/\/anadolu.az\/ru\/wp-json\/wp\/v2\/types\/product"}],"wp:featuredmedia":[{"embeddable":true,"href":"https:\/\/anadolu.az\/ru\/wp-json\/wp\/v2\/media\/3485"}],"wp:attachment":[{"href":"https:\/\/anadolu.az\/ru\/wp-json\/wp\/v2\/media?parent=3488"}],"wp:term":[{"taxonomy":"product_brand","embeddable":true,"href":"https:\/\/anadolu.az\/ru\/wp-json\/wp\/v2\/product_brand?post=3488"},{"taxonomy":"product_cat","embeddable":true,"href":"https:\/\/anadolu.az\/ru\/wp-json\/wp\/v2\/product_cat?post=3488"},{"taxonomy":"product_tag","embeddable":true,"href":"https:\/\/anadolu.az\/ru\/wp-json\/wp\/v2\/product_tag?post=3488"}],"curies":[{"name":"wp","href":"https:\/\/api.w.org\/{rel}","templated":true}]}}