        {"id":3490,"date":"2025-03-02T22:27:59","date_gmt":"2025-03-02T18:27:59","guid":{"rendered":"https:\/\/15ndl.upturnlab.com\/?post_type=product&#038;p=3490"},"modified":"2025-09-25T14:21:07","modified_gmt":"2025-09-25T10:21:07","slug":"beyti-lula","status":"publish","type":"product","link":"https:\/\/anadolu.az\/ru\/product\/beyti-lula\/","title":{"rendered":"\u0411\u0435\u0439\u0442\u0438-\u043b\u044e\u043b\u044f"},"content":{"rendered":"","protected":false},"excerpt":{"rendered":"Q\u0131yma, so\u011fan, sar\u0131msaq, c\u0259f\u0259ri-qat\u0131q, lava\u015f.\r\n180 qr.","protected":false},"featured_media":3481,"template":"","meta":[],"product_brand":[],"product_cat":[258,281],"product_tag":[],"class_list":{"0":"post-3490","1":"product","2":"type-product","3":"status-publish","4":"has-post-thumbnail","6":"product_cat-kabablar","7":"product_cat-turk-kabablari","9":"first","10":"instock","11":"shipping-taxable","12":"purchasable","13":"product-type-simple"},"_links":{"self":[{"href":"https:\/\/anadolu.az\/ru\/wp-json\/wp\/v2\/product\/3490","targetHints":{"allow":["GET"]}}],"collection":[{"href":"https:\/\/anadolu.az\/ru\/wp-json\/wp\/v2\/product"}],"about":[{"href":"https:\/\/anadolu.az\/ru\/wp-json\/wp\/v2\/types\/product"}],"wp:featuredmedia":[{"embeddable":true,"href":"https:\/\/anadolu.az\/ru\/wp-json\/wp\/v2\/media\/3481"}],"wp:attachment":[{"href":"https:\/\/anadolu.az\/ru\/wp-json\/wp\/v2\/media?parent=3490"}],"wp:term":[{"taxonomy":"product_brand","embeddable":true,"href":"https:\/\/anadolu.az\/ru\/wp-json\/wp\/v2\/product_brand?post=3490"},{"taxonomy":"product_cat","embeddable":true,"href":"https:\/\/anadolu.az\/ru\/wp-json\/wp\/v2\/product_cat?post=3490"},{"taxonomy":"product_tag","embeddable":true,"href":"https:\/\/anadolu.az\/ru\/wp-json\/wp\/v2\/product_tag?post=3490"}],"curies":[{"name":"wp","href":"https:\/\/api.w.org\/{rel}","templated":true}]}}