        {"id":3550,"date":"2025-03-03T00:22:57","date_gmt":"2025-03-02T20:22:57","guid":{"rendered":"https:\/\/15ndl.upturnlab.com\/?post_type=product&#038;p=3550"},"modified":"2026-03-13T14:58:07","modified_gmt":"2026-03-13T10:58:07","slug":"etli-quru-fasolye","status":"publish","type":"product","link":"https:\/\/anadolu.az\/ru\/product\/etli-quru-fasolye\/","title":{"rendered":"\u0424\u0430\u0441\u043e\u043b\u044c \u0442\u0443\u0448\u0451\u043d\u0430\u044f \u0441 \u043c\u044f\u0441\u043e\u043c"},"content":{"rendered":"","protected":false},"excerpt":{"rendered":"Dana \u0259ti, a\u011f lobya, so\u011fan, pomidor, sal\u00e7a, bib\u0259r, sar\u0131msaq, zeytun ya\u011f\u0131.\r\n200 qr.","protected":false},"featured_media":3551,"template":"","meta":[],"product_brand":[],"product_cat":[283,263],"product_tag":[],"class_list":{"0":"post-3550","1":"product","2":"type-product","3":"status-publish","4":"has-post-thumbnail","6":"product_cat-et-yemekleri","7":"product_cat-turk-yemekleri","9":"first","10":"outofstock","11":"shipping-taxable","12":"purchasable","13":"product-type-simple"},"_links":{"self":[{"href":"https:\/\/anadolu.az\/ru\/wp-json\/wp\/v2\/product\/3550","targetHints":{"allow":["GET"]}}],"collection":[{"href":"https:\/\/anadolu.az\/ru\/wp-json\/wp\/v2\/product"}],"about":[{"href":"https:\/\/anadolu.az\/ru\/wp-json\/wp\/v2\/types\/product"}],"wp:featuredmedia":[{"embeddable":true,"href":"https:\/\/anadolu.az\/ru\/wp-json\/wp\/v2\/media\/3551"}],"wp:attachment":[{"href":"https:\/\/anadolu.az\/ru\/wp-json\/wp\/v2\/media?parent=3550"}],"wp:term":[{"taxonomy":"product_brand","embeddable":true,"href":"https:\/\/anadolu.az\/ru\/wp-json\/wp\/v2\/product_brand?post=3550"},{"taxonomy":"product_cat","embeddable":true,"href":"https:\/\/anadolu.az\/ru\/wp-json\/wp\/v2\/product_cat?post=3550"},{"taxonomy":"product_tag","embeddable":true,"href":"https:\/\/anadolu.az\/ru\/wp-json\/wp\/v2\/product_tag?post=3550"}],"curies":[{"name":"wp","href":"https:\/\/api.w.org\/{rel}","templated":true}]}}