        {"id":3564,"date":"2025-03-03T00:48:17","date_gmt":"2025-03-02T20:48:17","guid":{"rendered":"https:\/\/15ndl.upturnlab.com\/?post_type=product&#038;p=3564"},"modified":"2025-09-22T00:02:45","modified_gmt":"2025-09-21T20:02:45","slug":"qutab-goy%c9%99rti-il%c9%99","status":"publish","type":"product","link":"https:\/\/anadolu.az\/ru\/product\/qutab-goy%c9%99rti-il%c9%99\/","title":{"rendered":"\u041a\u0443\u0442\u0430\u0431 \u0441 \u0437\u0435\u043b\u0435\u043d\u044c\u044e"},"content":{"rendered":"","protected":false},"excerpt":{"rendered":"X\u0259mir, qar\u0131\u015f\u0131q g\u00f6y\u0259rti.\r\nQeyd: minimum sifari\u015f &#8211; 5 \u0259d\u0259d.","protected":false},"featured_media":3565,"template":"","meta":[],"product_brand":[],"product_cat":[265],"product_tag":[],"class_list":{"0":"post-3564","1":"product","2":"type-product","3":"status-publish","4":"has-post-thumbnail","6":"product_cat-xemir-yemekleri","8":"first","9":"instock","10":"shipping-taxable","11":"purchasable","12":"product-type-simple"},"_links":{"self":[{"href":"https:\/\/anadolu.az\/ru\/wp-json\/wp\/v2\/product\/3564","targetHints":{"allow":["GET"]}}],"collection":[{"href":"https:\/\/anadolu.az\/ru\/wp-json\/wp\/v2\/product"}],"about":[{"href":"https:\/\/anadolu.az\/ru\/wp-json\/wp\/v2\/types\/product"}],"wp:featuredmedia":[{"embeddable":true,"href":"https:\/\/anadolu.az\/ru\/wp-json\/wp\/v2\/media\/3565"}],"wp:attachment":[{"href":"https:\/\/anadolu.az\/ru\/wp-json\/wp\/v2\/media?parent=3564"}],"wp:term":[{"taxonomy":"product_brand","embeddable":true,"href":"https:\/\/anadolu.az\/ru\/wp-json\/wp\/v2\/product_brand?post=3564"},{"taxonomy":"product_cat","embeddable":true,"href":"https:\/\/anadolu.az\/ru\/wp-json\/wp\/v2\/product_cat?post=3564"},{"taxonomy":"product_tag","embeddable":true,"href":"https:\/\/anadolu.az\/ru\/wp-json\/wp\/v2\/product_tag?post=3564"}],"curies":[{"name":"wp","href":"https:\/\/api.w.org\/{rel}","templated":true}]}}