        {"id":3591,"date":"2025-03-03T03:16:25","date_gmt":"2025-03-02T23:16:25","guid":{"rendered":"https:\/\/15ndl.upturnlab.com\/?post_type=product&#038;p=3591"},"modified":"2025-09-24T12:11:49","modified_gmt":"2025-09-24T08:11:49","slug":"gob%c9%99l%c9%99kli-toyuq-k%c9%99r%c9%99-yagi-sousunda","status":"publish","type":"product","link":"https:\/\/anadolu.az\/ru\/product\/gob%c9%99l%c9%99kli-toyuq-k%c9%99r%c9%99-yagi-sousunda\/","title":{"rendered":"\u041a\u0443\u0440\u0438\u0446\u0430 \u0441 \u0433\u0440\u0438\u0431\u0430\u043c\u0438 \u0432 \u0441\u043b\u0438\u0432\u043e\u0447\u043d\u043e\u043c \u043c\u0430\u0441\u043b\u044f\u043d\u043e\u043c \u0441\u043e\u0443\u0441\u0435"},"content":{"rendered":"","protected":false},"excerpt":{"rendered":"Toyuq d\u00f6\u015f \u0259ti, g\u00f6b\u0259l\u0259k, qaymaq, k\u0259r\u0259 ya\u011f\u0131, so\u011fan.\r\n200 qr.","protected":false},"featured_media":3592,"template":"","meta":[],"product_brand":[],"product_cat":[267,285],"product_tag":[],"class_list":{"0":"post-3591","1":"product","2":"type-product","3":"status-publish","4":"has-post-thumbnail","6":"product_cat-avropa-yemekleri","7":"product_cat-toyuq-yemekleri-avropa-yemekleri","9":"first","10":"instock","11":"shipping-taxable","12":"purchasable","13":"product-type-simple"},"_links":{"self":[{"href":"https:\/\/anadolu.az\/ru\/wp-json\/wp\/v2\/product\/3591","targetHints":{"allow":["GET"]}}],"collection":[{"href":"https:\/\/anadolu.az\/ru\/wp-json\/wp\/v2\/product"}],"about":[{"href":"https:\/\/anadolu.az\/ru\/wp-json\/wp\/v2\/types\/product"}],"wp:featuredmedia":[{"embeddable":true,"href":"https:\/\/anadolu.az\/ru\/wp-json\/wp\/v2\/media\/3592"}],"wp:attachment":[{"href":"https:\/\/anadolu.az\/ru\/wp-json\/wp\/v2\/media?parent=3591"}],"wp:term":[{"taxonomy":"product_brand","embeddable":true,"href":"https:\/\/anadolu.az\/ru\/wp-json\/wp\/v2\/product_brand?post=3591"},{"taxonomy":"product_cat","embeddable":true,"href":"https:\/\/anadolu.az\/ru\/wp-json\/wp\/v2\/product_cat?post=3591"},{"taxonomy":"product_tag","embeddable":true,"href":"https:\/\/anadolu.az\/ru\/wp-json\/wp\/v2\/product_tag?post=3591"}],"curies":[{"name":"wp","href":"https:\/\/api.w.org\/{rel}","templated":true}]}}