        {"id":3619,"date":"2025-03-03T03:50:43","date_gmt":"2025-03-02T23:50:43","guid":{"rendered":"https:\/\/15ndl.upturnlab.com\/?post_type=product&#038;p=3619"},"modified":"2026-03-13T14:44:23","modified_gmt":"2026-03-13T10:44:23","slug":"bifcili-2","status":"publish","type":"product","link":"https:\/\/anadolu.az\/ru\/product\/bifcili-2\/","title":{"rendered":"\u0411\u0438\u0444 \u0427\u0438\u043b\u0438"},"content":{"rendered":"","protected":false},"excerpt":{"rendered":"Can \u0259ti, \u00e7ili sous, so\u011fan, g\u00f6b\u0259l\u0259k, sal\u00e7a.\r\n200 qr.","protected":false},"featured_media":3620,"template":"","meta":[],"product_brand":[],"product_cat":[267,284],"product_tag":[],"class_list":{"0":"post-3619","1":"product","2":"type-product","3":"status-publish","4":"has-post-thumbnail","6":"product_cat-avropa-yemekleri","7":"product_cat-et-yemekleri-avropa-yemekleri","9":"first","10":"outofstock","11":"shipping-taxable","12":"purchasable","13":"product-type-simple"},"_links":{"self":[{"href":"https:\/\/anadolu.az\/ru\/wp-json\/wp\/v2\/product\/3619","targetHints":{"allow":["GET"]}}],"collection":[{"href":"https:\/\/anadolu.az\/ru\/wp-json\/wp\/v2\/product"}],"about":[{"href":"https:\/\/anadolu.az\/ru\/wp-json\/wp\/v2\/types\/product"}],"wp:featuredmedia":[{"embeddable":true,"href":"https:\/\/anadolu.az\/ru\/wp-json\/wp\/v2\/media\/3620"}],"wp:attachment":[{"href":"https:\/\/anadolu.az\/ru\/wp-json\/wp\/v2\/media?parent=3619"}],"wp:term":[{"taxonomy":"product_brand","embeddable":true,"href":"https:\/\/anadolu.az\/ru\/wp-json\/wp\/v2\/product_brand?post=3619"},{"taxonomy":"product_cat","embeddable":true,"href":"https:\/\/anadolu.az\/ru\/wp-json\/wp\/v2\/product_cat?post=3619"},{"taxonomy":"product_tag","embeddable":true,"href":"https:\/\/anadolu.az\/ru\/wp-json\/wp\/v2\/product_tag?post=3619"}],"curies":[{"name":"wp","href":"https:\/\/api.w.org\/{rel}","templated":true}]}}