        {"id":3621,"date":"2025-03-03T03:52:02","date_gmt":"2025-03-02T23:52:02","guid":{"rendered":"https:\/\/15ndl.upturnlab.com\/?post_type=product&#038;p=3621"},"modified":"2025-09-24T12:06:40","modified_gmt":"2025-09-24T08:06:40","slug":"bifstroqanov-2","status":"publish","type":"product","link":"https:\/\/anadolu.az\/ru\/product\/bifstroqanov-2\/","title":{"rendered":"\u0411\u0435\u0444\u0441\u0442\u0440\u043e\u0433\u0430\u043d\u043e\u0432"},"content":{"rendered":"","protected":false},"excerpt":{"rendered":"\u0421an \u0259ti, g\u00f6b\u0259l\u0259k, duzlu xiyar, so\u011fan, xama, vin\u00e7ester sous, d\u0259fn\u0259 yarpa\u011f\u0131, sal\u00e7a.\r\n200 qr.","protected":false},"featured_media":3622,"template":"","meta":[],"product_brand":[],"product_cat":[267,284],"product_tag":[],"class_list":{"0":"post-3621","1":"product","2":"type-product","3":"status-publish","4":"has-post-thumbnail","6":"product_cat-avropa-yemekleri","7":"product_cat-et-yemekleri-avropa-yemekleri","9":"first","10":"instock","11":"shipping-taxable","12":"purchasable","13":"product-type-simple"},"_links":{"self":[{"href":"https:\/\/anadolu.az\/ru\/wp-json\/wp\/v2\/product\/3621","targetHints":{"allow":["GET"]}}],"collection":[{"href":"https:\/\/anadolu.az\/ru\/wp-json\/wp\/v2\/product"}],"about":[{"href":"https:\/\/anadolu.az\/ru\/wp-json\/wp\/v2\/types\/product"}],"wp:featuredmedia":[{"embeddable":true,"href":"https:\/\/anadolu.az\/ru\/wp-json\/wp\/v2\/media\/3622"}],"wp:attachment":[{"href":"https:\/\/anadolu.az\/ru\/wp-json\/wp\/v2\/media?parent=3621"}],"wp:term":[{"taxonomy":"product_brand","embeddable":true,"href":"https:\/\/anadolu.az\/ru\/wp-json\/wp\/v2\/product_brand?post=3621"},{"taxonomy":"product_cat","embeddable":true,"href":"https:\/\/anadolu.az\/ru\/wp-json\/wp\/v2\/product_cat?post=3621"},{"taxonomy":"product_tag","embeddable":true,"href":"https:\/\/anadolu.az\/ru\/wp-json\/wp\/v2\/product_tag?post=3621"}],"curies":[{"name":"wp","href":"https:\/\/api.w.org\/{rel}","templated":true}]}}