        {"id":3659,"date":"2025-03-03T17:41:34","date_gmt":"2025-03-03T13:41:34","guid":{"rendered":"https:\/\/15ndl.upturnlab.com\/?post_type=product&#038;p=3659"},"modified":"2025-09-21T23:54:23","modified_gmt":"2025-09-21T19:54:23","slug":"isk%c9%99nd%c9%99r-don%c9%99r","status":"publish","type":"product","link":"https:\/\/anadolu.az\/ru\/product\/isk%c9%99nd%c9%99r-don%c9%99r\/","title":{"rendered":"\u0418\u0441\u043a\u0435\u043d\u0434\u0435\u0440-\u0434\u043e\u043d\u0435\u0440"},"content":{"rendered":"","protected":false},"excerpt":{"rendered":"\u018ft, k\u0259r\u0259 ya\u011f\u0131nda q\u0131zard\u0131lm\u0131\u015f \u00e7\u00f6r\u0259k, sal\u00e7a sousu, qat\u0131q, q\u0131zard\u0131lm\u0131\u015f kartof.\r\n400 qr.","protected":false},"featured_media":3660,"template":"","meta":[],"product_brand":[],"product_cat":[268],"product_tag":[],"class_list":{"0":"post-3659","1":"product","2":"type-product","3":"status-publish","4":"has-post-thumbnail","6":"product_cat-doner","8":"first","9":"instock","10":"shipping-taxable","11":"purchasable","12":"product-type-simple"},"_links":{"self":[{"href":"https:\/\/anadolu.az\/ru\/wp-json\/wp\/v2\/product\/3659","targetHints":{"allow":["GET"]}}],"collection":[{"href":"https:\/\/anadolu.az\/ru\/wp-json\/wp\/v2\/product"}],"about":[{"href":"https:\/\/anadolu.az\/ru\/wp-json\/wp\/v2\/types\/product"}],"wp:featuredmedia":[{"embeddable":true,"href":"https:\/\/anadolu.az\/ru\/wp-json\/wp\/v2\/media\/3660"}],"wp:attachment":[{"href":"https:\/\/anadolu.az\/ru\/wp-json\/wp\/v2\/media?parent=3659"}],"wp:term":[{"taxonomy":"product_brand","embeddable":true,"href":"https:\/\/anadolu.az\/ru\/wp-json\/wp\/v2\/product_brand?post=3659"},{"taxonomy":"product_cat","embeddable":true,"href":"https:\/\/anadolu.az\/ru\/wp-json\/wp\/v2\/product_cat?post=3659"},{"taxonomy":"product_tag","embeddable":true,"href":"https:\/\/anadolu.az\/ru\/wp-json\/wp\/v2\/product_tag?post=3659"}],"curies":[{"name":"wp","href":"https:\/\/api.w.org\/{rel}","templated":true}]}}