        {"id":3661,"date":"2025-03-03T17:44:52","date_gmt":"2025-03-03T13:44:52","guid":{"rendered":"https:\/\/15ndl.upturnlab.com\/?post_type=product&#038;p=3661"},"modified":"2025-09-23T20:06:46","modified_gmt":"2025-09-23T16:06:46","slug":"lavas-arasi-don%c9%99r","status":"publish","type":"product","link":"https:\/\/anadolu.az\/ru\/product\/lavas-arasi-don%c9%99r\/","title":{"rendered":"\u0414\u043e\u043d\u0435\u0440 \u0432 \u043b\u0430\u0432\u0430\u0448\u0435"},"content":{"rendered":"","protected":false},"excerpt":{"rendered":"\u018ft, q\u0131zard\u0131lm\u0131\u015f kartof, duzlu xiyar, pomidor, mayonez, sal\u00e7a sousu, g\u00f6y\u0259rti, so\u011fan.\r\n60 qr.","protected":false},"featured_media":3662,"template":"","meta":[],"product_brand":[],"product_cat":[268],"product_tag":[],"class_list":{"0":"post-3661","1":"product","2":"type-product","3":"status-publish","4":"has-post-thumbnail","6":"product_cat-doner","8":"first","9":"instock","10":"shipping-taxable","11":"purchasable","12":"product-type-simple"},"_links":{"self":[{"href":"https:\/\/anadolu.az\/ru\/wp-json\/wp\/v2\/product\/3661","targetHints":{"allow":["GET"]}}],"collection":[{"href":"https:\/\/anadolu.az\/ru\/wp-json\/wp\/v2\/product"}],"about":[{"href":"https:\/\/anadolu.az\/ru\/wp-json\/wp\/v2\/types\/product"}],"wp:featuredmedia":[{"embeddable":true,"href":"https:\/\/anadolu.az\/ru\/wp-json\/wp\/v2\/media\/3662"}],"wp:attachment":[{"href":"https:\/\/anadolu.az\/ru\/wp-json\/wp\/v2\/media?parent=3661"}],"wp:term":[{"taxonomy":"product_brand","embeddable":true,"href":"https:\/\/anadolu.az\/ru\/wp-json\/wp\/v2\/product_brand?post=3661"},{"taxonomy":"product_cat","embeddable":true,"href":"https:\/\/anadolu.az\/ru\/wp-json\/wp\/v2\/product_cat?post=3661"},{"taxonomy":"product_tag","embeddable":true,"href":"https:\/\/anadolu.az\/ru\/wp-json\/wp\/v2\/product_tag?post=3661"}],"curies":[{"name":"wp","href":"https:\/\/api.w.org\/{rel}","templated":true}]}}