        {"id":3737,"date":"2025-03-03T18:59:44","date_gmt":"2025-03-03T14:59:44","guid":{"rendered":"https:\/\/15ndl.upturnlab.com\/?post_type=product&#038;p=3737"},"modified":"2025-03-03T18:59:44","modified_gmt":"2025-03-03T14:59:44","slug":"dovga","status":"publish","type":"product","link":"https:\/\/anadolu.az\/ru\/product\/dovga\/","title":{"rendered":"\u0414\u043e\u0432\u0433\u0430"},"content":{"rendered":"","protected":false},"excerpt":{"rendered":"Qar\u0131\u015f\u0131q g\u00f6y\u0259rti, qat\u0131q, un, yumurta, noxud, d\u00fcy\u00fc.\r\n300 qr.","protected":false},"featured_media":3738,"template":"","meta":[],"product_brand":[],"product_cat":[274],"product_tag":[],"class_list":{"0":"post-3737","1":"product","2":"type-product","3":"status-publish","4":"has-post-thumbnail","6":"product_cat-sorbalar","8":"first","9":"instock","10":"shipping-taxable","11":"purchasable","12":"product-type-simple"},"_links":{"self":[{"href":"https:\/\/anadolu.az\/ru\/wp-json\/wp\/v2\/product\/3737","targetHints":{"allow":["GET"]}}],"collection":[{"href":"https:\/\/anadolu.az\/ru\/wp-json\/wp\/v2\/product"}],"about":[{"href":"https:\/\/anadolu.az\/ru\/wp-json\/wp\/v2\/types\/product"}],"wp:featuredmedia":[{"embeddable":true,"href":"https:\/\/anadolu.az\/ru\/wp-json\/wp\/v2\/media\/3738"}],"wp:attachment":[{"href":"https:\/\/anadolu.az\/ru\/wp-json\/wp\/v2\/media?parent=3737"}],"wp:term":[{"taxonomy":"product_brand","embeddable":true,"href":"https:\/\/anadolu.az\/ru\/wp-json\/wp\/v2\/product_brand?post=3737"},{"taxonomy":"product_cat","embeddable":true,"href":"https:\/\/anadolu.az\/ru\/wp-json\/wp\/v2\/product_cat?post=3737"},{"taxonomy":"product_tag","embeddable":true,"href":"https:\/\/anadolu.az\/ru\/wp-json\/wp\/v2\/product_tag?post=3737"}],"curies":[{"name":"wp","href":"https:\/\/api.w.org\/{rel}","templated":true}]}}