        {"id":3741,"date":"2025-03-03T19:01:13","date_gmt":"2025-03-03T15:01:13","guid":{"rendered":"https:\/\/15ndl.upturnlab.com\/?post_type=product&#038;p=3741"},"modified":"2025-09-21T23:44:31","modified_gmt":"2025-09-21T19:44:31","slug":"qaymaqli-gob%c9%99l%c9%99k-sorbasi","status":"publish","type":"product","link":"https:\/\/anadolu.az\/ru\/product\/qaymaqli-gob%c9%99l%c9%99k-sorbasi\/","title":{"rendered":"\u0421\u043b\u0438\u0432\u043e\u0447\u043d\u044b\u0439 \u0441\u0443\u043f \u0441 \u0433\u0440\u0438\u0431\u0430\u043c\u0438"},"content":{"rendered":"","protected":false},"excerpt":{"rendered":"Un, k\u0259r\u0259 ya\u011f\u0131, qaymaq, g\u00f6b\u0259l\u0259k, s\u00fcd.\r\n300 qr.","protected":false},"featured_media":3742,"template":"","meta":[],"product_brand":[],"product_cat":[274],"product_tag":[],"class_list":{"0":"post-3741","1":"product","2":"type-product","3":"status-publish","4":"has-post-thumbnail","6":"product_cat-sorbalar","8":"first","9":"instock","10":"shipping-taxable","11":"purchasable","12":"product-type-simple"},"_links":{"self":[{"href":"https:\/\/anadolu.az\/ru\/wp-json\/wp\/v2\/product\/3741","targetHints":{"allow":["GET"]}}],"collection":[{"href":"https:\/\/anadolu.az\/ru\/wp-json\/wp\/v2\/product"}],"about":[{"href":"https:\/\/anadolu.az\/ru\/wp-json\/wp\/v2\/types\/product"}],"wp:featuredmedia":[{"embeddable":true,"href":"https:\/\/anadolu.az\/ru\/wp-json\/wp\/v2\/media\/3742"}],"wp:attachment":[{"href":"https:\/\/anadolu.az\/ru\/wp-json\/wp\/v2\/media?parent=3741"}],"wp:term":[{"taxonomy":"product_brand","embeddable":true,"href":"https:\/\/anadolu.az\/ru\/wp-json\/wp\/v2\/product_brand?post=3741"},{"taxonomy":"product_cat","embeddable":true,"href":"https:\/\/anadolu.az\/ru\/wp-json\/wp\/v2\/product_cat?post=3741"},{"taxonomy":"product_tag","embeddable":true,"href":"https:\/\/anadolu.az\/ru\/wp-json\/wp\/v2\/product_tag?post=3741"}],"curies":[{"name":"wp","href":"https:\/\/api.w.org\/{rel}","templated":true}]}}