        {"id":3745,"date":"2025-03-03T19:02:24","date_gmt":"2025-03-03T15:02:24","guid":{"rendered":"https:\/\/15ndl.upturnlab.com\/?post_type=product&#038;p=3745"},"modified":"2025-03-03T19:02:24","modified_gmt":"2025-03-03T15:02:24","slug":"toyuq-sorbasi","status":"publish","type":"product","link":"https:\/\/anadolu.az\/ru\/product\/toyuq-sorbasi\/","title":{"rendered":"\u041a\u0443\u0440\u0438\u043d\u044b\u0439 \u0441\u0443\u043f"},"content":{"rendered":"","protected":false},"excerpt":{"rendered":"Toyuq \u0259ti, kartof, k\u00f6k, d\u00fcy\u00fc v\u0259 ya vermi\u015fel, g\u00f6y\u0259rti.\r\n300 qr.","protected":false},"featured_media":3746,"template":"","meta":[],"product_brand":[],"product_cat":[274],"product_tag":[],"class_list":{"0":"post-3745","1":"product","2":"type-product","3":"status-publish","4":"has-post-thumbnail","6":"product_cat-sorbalar","8":"first","9":"instock","10":"shipping-taxable","11":"purchasable","12":"product-type-simple"},"_links":{"self":[{"href":"https:\/\/anadolu.az\/ru\/wp-json\/wp\/v2\/product\/3745","targetHints":{"allow":["GET"]}}],"collection":[{"href":"https:\/\/anadolu.az\/ru\/wp-json\/wp\/v2\/product"}],"about":[{"href":"https:\/\/anadolu.az\/ru\/wp-json\/wp\/v2\/types\/product"}],"wp:featuredmedia":[{"embeddable":true,"href":"https:\/\/anadolu.az\/ru\/wp-json\/wp\/v2\/media\/3746"}],"wp:attachment":[{"href":"https:\/\/anadolu.az\/ru\/wp-json\/wp\/v2\/media?parent=3745"}],"wp:term":[{"taxonomy":"product_brand","embeddable":true,"href":"https:\/\/anadolu.az\/ru\/wp-json\/wp\/v2\/product_brand?post=3745"},{"taxonomy":"product_cat","embeddable":true,"href":"https:\/\/anadolu.az\/ru\/wp-json\/wp\/v2\/product_cat?post=3745"},{"taxonomy":"product_tag","embeddable":true,"href":"https:\/\/anadolu.az\/ru\/wp-json\/wp\/v2\/product_tag?post=3745"}],"curies":[{"name":"wp","href":"https:\/\/api.w.org\/{rel}","templated":true}]}}