        {"id":3747,"date":"2025-03-03T19:03:07","date_gmt":"2025-03-03T15:03:07","guid":{"rendered":"https:\/\/15ndl.upturnlab.com\/?post_type=product&#038;p=3747"},"modified":"2025-03-03T19:03:07","modified_gmt":"2025-03-03T15:03:07","slug":"yasil-bors-2","status":"publish","type":"product","link":"https:\/\/anadolu.az\/ru\/product\/yasil-bors-2\/","title":{"rendered":"\u0417\u0435\u043b\u0435\u043d\u044b\u0439 \u0431\u043e\u0440\u0449"},"content":{"rendered":"","protected":false},"excerpt":{"rendered":"Qar\u0131\u015f\u0131q g\u00f6y\u0259rti, kartof, tu\u015fonka, yumurta.\r\n300 qr.","protected":false},"featured_media":3748,"template":"","meta":[],"product_brand":[],"product_cat":[274],"product_tag":[],"class_list":{"0":"post-3747","1":"product","2":"type-product","3":"status-publish","4":"has-post-thumbnail","6":"product_cat-sorbalar","8":"first","9":"instock","10":"shipping-taxable","11":"purchasable","12":"product-type-simple"},"_links":{"self":[{"href":"https:\/\/anadolu.az\/ru\/wp-json\/wp\/v2\/product\/3747","targetHints":{"allow":["GET"]}}],"collection":[{"href":"https:\/\/anadolu.az\/ru\/wp-json\/wp\/v2\/product"}],"about":[{"href":"https:\/\/anadolu.az\/ru\/wp-json\/wp\/v2\/types\/product"}],"wp:featuredmedia":[{"embeddable":true,"href":"https:\/\/anadolu.az\/ru\/wp-json\/wp\/v2\/media\/3748"}],"wp:attachment":[{"href":"https:\/\/anadolu.az\/ru\/wp-json\/wp\/v2\/media?parent=3747"}],"wp:term":[{"taxonomy":"product_brand","embeddable":true,"href":"https:\/\/anadolu.az\/ru\/wp-json\/wp\/v2\/product_brand?post=3747"},{"taxonomy":"product_cat","embeddable":true,"href":"https:\/\/anadolu.az\/ru\/wp-json\/wp\/v2\/product_cat?post=3747"},{"taxonomy":"product_tag","embeddable":true,"href":"https:\/\/anadolu.az\/ru\/wp-json\/wp\/v2\/product_tag?post=3747"}],"curies":[{"name":"wp","href":"https:\/\/api.w.org\/{rel}","templated":true}]}}