        {"id":3749,"date":"2025-03-03T19:04:21","date_gmt":"2025-03-03T15:04:21","guid":{"rendered":"https:\/\/15ndl.upturnlab.com\/?post_type=product&#038;p=3749"},"modified":"2026-03-13T14:40:05","modified_gmt":"2026-03-13T10:40:05","slug":"et-sorbasi","status":"publish","type":"product","link":"https:\/\/anadolu.az\/ru\/product\/et-sorbasi\/","title":{"rendered":"\u041c\u044f\u0441\u043d\u043e\u0439 \u0441\u0443\u043f"},"content":{"rendered":"","protected":false},"excerpt":{"rendered":"Dana \u0259ti, kartof, k\u00f6k, d\u00fcy\u00fc v\u0259 ya vermi\u015fel, g\u00f6y\u0259rti.\r\n300 qr.","protected":false},"featured_media":3750,"template":"","meta":[],"product_brand":[],"product_cat":[274],"product_tag":[],"class_list":{"0":"post-3749","1":"product","2":"type-product","3":"status-publish","4":"has-post-thumbnail","6":"product_cat-sorbalar","8":"first","9":"outofstock","10":"shipping-taxable","11":"purchasable","12":"product-type-simple"},"_links":{"self":[{"href":"https:\/\/anadolu.az\/ru\/wp-json\/wp\/v2\/product\/3749","targetHints":{"allow":["GET"]}}],"collection":[{"href":"https:\/\/anadolu.az\/ru\/wp-json\/wp\/v2\/product"}],"about":[{"href":"https:\/\/anadolu.az\/ru\/wp-json\/wp\/v2\/types\/product"}],"wp:featuredmedia":[{"embeddable":true,"href":"https:\/\/anadolu.az\/ru\/wp-json\/wp\/v2\/media\/3750"}],"wp:attachment":[{"href":"https:\/\/anadolu.az\/ru\/wp-json\/wp\/v2\/media?parent=3749"}],"wp:term":[{"taxonomy":"product_brand","embeddable":true,"href":"https:\/\/anadolu.az\/ru\/wp-json\/wp\/v2\/product_brand?post=3749"},{"taxonomy":"product_cat","embeddable":true,"href":"https:\/\/anadolu.az\/ru\/wp-json\/wp\/v2\/product_cat?post=3749"},{"taxonomy":"product_tag","embeddable":true,"href":"https:\/\/anadolu.az\/ru\/wp-json\/wp\/v2\/product_tag?post=3749"}],"curies":[{"name":"wp","href":"https:\/\/api.w.org\/{rel}","templated":true}]}}