        {"id":3773,"date":"2025-03-03T19:29:01","date_gmt":"2025-03-03T15:29:01","guid":{"rendered":"https:\/\/15ndl.upturnlab.com\/?post_type=product&#038;p=3773"},"modified":"2025-03-03T19:29:02","modified_gmt":"2025-03-03T15:29:02","slug":"baliqli-suba-salati","status":"publish","type":"product","link":"https:\/\/anadolu.az\/ru\/product\/baliqli-suba-salati\/","title":{"rendered":"\u0421\u0435\u043b\u0451\u0434\u043a\u0430 \u043f\u043e\u0434 \u0448\u0443\u0431\u043e\u0439"},"content":{"rendered":"","protected":false},"excerpt":{"rendered":"Duzlu bal\u0131q, kartof, k\u00f6k, yumurta, \u00e7u\u011fundur, mayonez.\r\n150 qr.","protected":false},"featured_media":3774,"template":"","meta":[],"product_brand":[],"product_cat":[276],"product_tag":[],"class_list":{"0":"post-3773","1":"product","2":"type-product","3":"status-publish","4":"has-post-thumbnail","6":"product_cat-salatlar","8":"first","9":"instock","10":"shipping-taxable","11":"purchasable","12":"product-type-simple"},"_links":{"self":[{"href":"https:\/\/anadolu.az\/ru\/wp-json\/wp\/v2\/product\/3773","targetHints":{"allow":["GET"]}}],"collection":[{"href":"https:\/\/anadolu.az\/ru\/wp-json\/wp\/v2\/product"}],"about":[{"href":"https:\/\/anadolu.az\/ru\/wp-json\/wp\/v2\/types\/product"}],"wp:featuredmedia":[{"embeddable":true,"href":"https:\/\/anadolu.az\/ru\/wp-json\/wp\/v2\/media\/3774"}],"wp:attachment":[{"href":"https:\/\/anadolu.az\/ru\/wp-json\/wp\/v2\/media?parent=3773"}],"wp:term":[{"taxonomy":"product_brand","embeddable":true,"href":"https:\/\/anadolu.az\/ru\/wp-json\/wp\/v2\/product_brand?post=3773"},{"taxonomy":"product_cat","embeddable":true,"href":"https:\/\/anadolu.az\/ru\/wp-json\/wp\/v2\/product_cat?post=3773"},{"taxonomy":"product_tag","embeddable":true,"href":"https:\/\/anadolu.az\/ru\/wp-json\/wp\/v2\/product_tag?post=3773"}],"curies":[{"name":"wp","href":"https:\/\/api.w.org\/{rel}","templated":true}]}}