        {"id":3775,"date":"2025-03-03T19:29:44","date_gmt":"2025-03-03T15:29:44","guid":{"rendered":"https:\/\/15ndl.upturnlab.com\/?post_type=product&#038;p=3775"},"modified":"2026-03-13T10:41:44","modified_gmt":"2026-03-13T06:41:44","slug":"cugundur-salati","status":"publish","type":"product","link":"https:\/\/anadolu.az\/ru\/product\/cugundur-salati\/","title":{"rendered":"\u0421\u0432\u0435\u043a\u043e\u043b\u044c\u043d\u044b\u0439 \u0441\u0430\u043b\u0430\u0442"},"content":{"rendered":"","protected":false},"excerpt":{"rendered":"\u00c7u\u011fundur, qoz, sar\u0131msaq, mayonez.\r\n150 qr.","protected":false},"featured_media":3776,"template":"","meta":[],"product_brand":[],"product_cat":[276],"product_tag":[],"class_list":{"0":"post-3775","1":"product","2":"type-product","3":"status-publish","4":"has-post-thumbnail","6":"product_cat-salatlar","8":"first","9":"outofstock","10":"shipping-taxable","11":"purchasable","12":"product-type-simple"},"_links":{"self":[{"href":"https:\/\/anadolu.az\/ru\/wp-json\/wp\/v2\/product\/3775","targetHints":{"allow":["GET"]}}],"collection":[{"href":"https:\/\/anadolu.az\/ru\/wp-json\/wp\/v2\/product"}],"about":[{"href":"https:\/\/anadolu.az\/ru\/wp-json\/wp\/v2\/types\/product"}],"wp:featuredmedia":[{"embeddable":true,"href":"https:\/\/anadolu.az\/ru\/wp-json\/wp\/v2\/media\/3776"}],"wp:attachment":[{"href":"https:\/\/anadolu.az\/ru\/wp-json\/wp\/v2\/media?parent=3775"}],"wp:term":[{"taxonomy":"product_brand","embeddable":true,"href":"https:\/\/anadolu.az\/ru\/wp-json\/wp\/v2\/product_brand?post=3775"},{"taxonomy":"product_cat","embeddable":true,"href":"https:\/\/anadolu.az\/ru\/wp-json\/wp\/v2\/product_cat?post=3775"},{"taxonomy":"product_tag","embeddable":true,"href":"https:\/\/anadolu.az\/ru\/wp-json\/wp\/v2\/product_tag?post=3775"}],"curies":[{"name":"wp","href":"https:\/\/api.w.org\/{rel}","templated":true}]}}