        {"id":3781,"date":"2025-03-03T19:31:59","date_gmt":"2025-03-03T15:31:59","guid":{"rendered":"https:\/\/15ndl.upturnlab.com\/?post_type=product&#038;p=3781"},"modified":"2025-03-03T19:31:59","modified_gmt":"2025-03-03T15:31:59","slug":"gob%c9%99l%c9%99k-salati-yagda","status":"publish","type":"product","link":"https:\/\/anadolu.az\/ru\/product\/gob%c9%99l%c9%99k-salati-yagda\/","title":{"rendered":"\u0413\u0440\u0438\u0431\u043d\u043e\u0439 \u0441\u0430\u043b\u0430\u0442 \u0432 \u043c\u0430\u0441\u043b\u0435"},"content":{"rendered":"","protected":false},"excerpt":{"rendered":"G\u00f6b\u0259l\u0259k, t\u0259z\u0259 xiyar, duzlu xiyar, bib\u0259r, g\u00f6y\u0259rti, k\u00f6k, bitki ya\u011f\u0131.\r\n150 qr.","protected":false},"featured_media":3782,"template":"","meta":[],"product_brand":[],"product_cat":[276],"product_tag":[],"class_list":{"0":"post-3781","1":"product","2":"type-product","3":"status-publish","4":"has-post-thumbnail","6":"product_cat-salatlar","8":"first","9":"instock","10":"shipping-taxable","11":"purchasable","12":"product-type-simple"},"_links":{"self":[{"href":"https:\/\/anadolu.az\/ru\/wp-json\/wp\/v2\/product\/3781","targetHints":{"allow":["GET"]}}],"collection":[{"href":"https:\/\/anadolu.az\/ru\/wp-json\/wp\/v2\/product"}],"about":[{"href":"https:\/\/anadolu.az\/ru\/wp-json\/wp\/v2\/types\/product"}],"wp:featuredmedia":[{"embeddable":true,"href":"https:\/\/anadolu.az\/ru\/wp-json\/wp\/v2\/media\/3782"}],"wp:attachment":[{"href":"https:\/\/anadolu.az\/ru\/wp-json\/wp\/v2\/media?parent=3781"}],"wp:term":[{"taxonomy":"product_brand","embeddable":true,"href":"https:\/\/anadolu.az\/ru\/wp-json\/wp\/v2\/product_brand?post=3781"},{"taxonomy":"product_cat","embeddable":true,"href":"https:\/\/anadolu.az\/ru\/wp-json\/wp\/v2\/product_cat?post=3781"},{"taxonomy":"product_tag","embeddable":true,"href":"https:\/\/anadolu.az\/ru\/wp-json\/wp\/v2\/product_tag?post=3781"}],"curies":[{"name":"wp","href":"https:\/\/api.w.org\/{rel}","templated":true}]}}