        {"id":3785,"date":"2025-03-03T19:33:38","date_gmt":"2025-03-03T15:33:38","guid":{"rendered":"https:\/\/15ndl.upturnlab.com\/?post_type=product&#038;p=3785"},"modified":"2026-03-21T17:39:02","modified_gmt":"2026-03-21T13:39:02","slug":"k%c9%99l%c9%99m-salati-yagda","status":"publish","type":"product","link":"https:\/\/anadolu.az\/ru\/product\/k%c9%99l%c9%99m-salati-yagda\/","title":{"rendered":"\u0421\u0430\u043b\u0430\u0442 \u0438\u0437 \u043a\u0430\u043f\u0443\u0441\u0442\u044b \u0441 \u043c\u0430\u0441\u043b\u043e\u043c"},"content":{"rendered":"","protected":false},"excerpt":{"rendered":"K\u0259l\u0259m, alma, ki\u015fmi\u015f, ya\u011f.\r\n150 qr.","protected":false},"featured_media":3786,"template":"","meta":[],"product_brand":[],"product_cat":[276],"product_tag":[],"class_list":{"0":"post-3785","1":"product","2":"type-product","3":"status-publish","4":"has-post-thumbnail","6":"product_cat-salatlar","8":"first","9":"outofstock","10":"shipping-taxable","11":"purchasable","12":"product-type-simple"},"_links":{"self":[{"href":"https:\/\/anadolu.az\/ru\/wp-json\/wp\/v2\/product\/3785","targetHints":{"allow":["GET"]}}],"collection":[{"href":"https:\/\/anadolu.az\/ru\/wp-json\/wp\/v2\/product"}],"about":[{"href":"https:\/\/anadolu.az\/ru\/wp-json\/wp\/v2\/types\/product"}],"wp:featuredmedia":[{"embeddable":true,"href":"https:\/\/anadolu.az\/ru\/wp-json\/wp\/v2\/media\/3786"}],"wp:attachment":[{"href":"https:\/\/anadolu.az\/ru\/wp-json\/wp\/v2\/media?parent=3785"}],"wp:term":[{"taxonomy":"product_brand","embeddable":true,"href":"https:\/\/anadolu.az\/ru\/wp-json\/wp\/v2\/product_brand?post=3785"},{"taxonomy":"product_cat","embeddable":true,"href":"https:\/\/anadolu.az\/ru\/wp-json\/wp\/v2\/product_cat?post=3785"},{"taxonomy":"product_tag","embeddable":true,"href":"https:\/\/anadolu.az\/ru\/wp-json\/wp\/v2\/product_tag?post=3785"}],"curies":[{"name":"wp","href":"https:\/\/api.w.org\/{rel}","templated":true}]}}