        {"id":3789,"date":"2025-03-03T19:35:39","date_gmt":"2025-03-03T15:35:39","guid":{"rendered":"https:\/\/15ndl.upturnlab.com\/?post_type=product&#038;p=3789"},"modified":"2025-03-03T19:35:40","modified_gmt":"2025-03-03T15:35:40","slug":"sezar-salati-qizil-baliq-il%c9%99","status":"publish","type":"product","link":"https:\/\/anadolu.az\/ru\/product\/sezar-salati-qizil-baliq-il%c9%99\/","title":{"rendered":"\u0421\u0430\u043b\u0430\u0442 \u00ab\u0426\u0435\u0437\u0430\u0440\u044c\u00bb \u0441 \u043a\u0440\u0430\u0441\u043d\u043e\u0439 \u0440\u044b\u0431\u043e\u0439"},"content":{"rendered":"","protected":false},"excerpt":{"rendered":"Aysberq kah\u0131, pomidor, his\u0259 verilmi\u015f q\u0131z\u0131l bal\u0131q, parmezan pendiri, ya\u015f\u0131l kapari, reyhan, boz \u00e7\u00f6r\u0259k, an\u00e7ous, sar\u0131msaq, yumurta, zeytun ya\u011f\u0131, mayonez.\r\n150 qr.","protected":false},"featured_media":3790,"template":"","meta":[],"product_brand":[],"product_cat":[276],"product_tag":[],"class_list":{"0":"post-3789","1":"product","2":"type-product","3":"status-publish","4":"has-post-thumbnail","6":"product_cat-salatlar","8":"first","9":"instock","10":"shipping-taxable","11":"purchasable","12":"product-type-simple"},"_links":{"self":[{"href":"https:\/\/anadolu.az\/ru\/wp-json\/wp\/v2\/product\/3789","targetHints":{"allow":["GET"]}}],"collection":[{"href":"https:\/\/anadolu.az\/ru\/wp-json\/wp\/v2\/product"}],"about":[{"href":"https:\/\/anadolu.az\/ru\/wp-json\/wp\/v2\/types\/product"}],"wp:featuredmedia":[{"embeddable":true,"href":"https:\/\/anadolu.az\/ru\/wp-json\/wp\/v2\/media\/3790"}],"wp:attachment":[{"href":"https:\/\/anadolu.az\/ru\/wp-json\/wp\/v2\/media?parent=3789"}],"wp:term":[{"taxonomy":"product_brand","embeddable":true,"href":"https:\/\/anadolu.az\/ru\/wp-json\/wp\/v2\/product_brand?post=3789"},{"taxonomy":"product_cat","embeddable":true,"href":"https:\/\/anadolu.az\/ru\/wp-json\/wp\/v2\/product_cat?post=3789"},{"taxonomy":"product_tag","embeddable":true,"href":"https:\/\/anadolu.az\/ru\/wp-json\/wp\/v2\/product_tag?post=3789"}],"curies":[{"name":"wp","href":"https:\/\/api.w.org\/{rel}","templated":true}]}}