        {"id":3791,"date":"2025-03-03T19:37:03","date_gmt":"2025-03-03T15:37:03","guid":{"rendered":"https:\/\/15ndl.upturnlab.com\/?post_type=product&#038;p=3791"},"modified":"2025-03-03T19:37:04","modified_gmt":"2025-03-03T15:37:04","slug":"sezar-salati-toyuq-il%c9%99","status":"publish","type":"product","link":"https:\/\/anadolu.az\/ru\/product\/sezar-salati-toyuq-il%c9%99\/","title":{"rendered":"\u0421\u0430\u043b\u0430\u0442 \u00ab\u0426\u0435\u0437\u0430\u0440\u044c\u00bb \u0441 \u043a\u0443\u0440\u0438\u0446\u0435\u0439"},"content":{"rendered":"","protected":false},"excerpt":{"rendered":"Aysberq kah\u0131, pomidor, parmezan pendiri, toyuq d\u00f6\u015f \u0259ti, reyhan, suxari.\r\n150 qr.","protected":false},"featured_media":3792,"template":"","meta":[],"product_brand":[],"product_cat":[276],"product_tag":[],"class_list":{"0":"post-3791","1":"product","2":"type-product","3":"status-publish","4":"has-post-thumbnail","6":"product_cat-salatlar","8":"first","9":"instock","10":"shipping-taxable","11":"purchasable","12":"product-type-simple"},"_links":{"self":[{"href":"https:\/\/anadolu.az\/ru\/wp-json\/wp\/v2\/product\/3791","targetHints":{"allow":["GET"]}}],"collection":[{"href":"https:\/\/anadolu.az\/ru\/wp-json\/wp\/v2\/product"}],"about":[{"href":"https:\/\/anadolu.az\/ru\/wp-json\/wp\/v2\/types\/product"}],"wp:featuredmedia":[{"embeddable":true,"href":"https:\/\/anadolu.az\/ru\/wp-json\/wp\/v2\/media\/3792"}],"wp:attachment":[{"href":"https:\/\/anadolu.az\/ru\/wp-json\/wp\/v2\/media?parent=3791"}],"wp:term":[{"taxonomy":"product_brand","embeddable":true,"href":"https:\/\/anadolu.az\/ru\/wp-json\/wp\/v2\/product_brand?post=3791"},{"taxonomy":"product_cat","embeddable":true,"href":"https:\/\/anadolu.az\/ru\/wp-json\/wp\/v2\/product_cat?post=3791"},{"taxonomy":"product_tag","embeddable":true,"href":"https:\/\/anadolu.az\/ru\/wp-json\/wp\/v2\/product_tag?post=3791"}],"curies":[{"name":"wp","href":"https:\/\/api.w.org\/{rel}","templated":true}]}}