        {"id":3801,"date":"2025-03-03T19:41:00","date_gmt":"2025-03-03T15:41:00","guid":{"rendered":"https:\/\/15ndl.upturnlab.com\/?post_type=product&#038;p=3801"},"modified":"2025-03-03T19:41:00","modified_gmt":"2025-03-03T15:41:00","slug":"toyuqlu-suba-salati","status":"publish","type":"product","link":"https:\/\/anadolu.az\/ru\/product\/toyuqlu-suba-salati\/","title":{"rendered":"\u0421\u0430\u043b\u0430\u0442 \u00ab\u0428\u0443\u0431\u0430\u00bb \u0441 \u043a\u0443\u0440\u0438\u0446\u0435\u0439"},"content":{"rendered":"","protected":false},"excerpt":{"rendered":"Toyuq \u0259ti, kartof, k\u00f6k, yumurta, \u00e7u\u011fundur, mayonez.\r\n150 qr.","protected":false},"featured_media":3802,"template":"","meta":[],"product_brand":[],"product_cat":[276],"product_tag":[],"class_list":{"0":"post-3801","1":"product","2":"type-product","3":"status-publish","4":"has-post-thumbnail","6":"product_cat-salatlar","8":"first","9":"instock","10":"shipping-taxable","11":"purchasable","12":"product-type-simple"},"_links":{"self":[{"href":"https:\/\/anadolu.az\/ru\/wp-json\/wp\/v2\/product\/3801","targetHints":{"allow":["GET"]}}],"collection":[{"href":"https:\/\/anadolu.az\/ru\/wp-json\/wp\/v2\/product"}],"about":[{"href":"https:\/\/anadolu.az\/ru\/wp-json\/wp\/v2\/types\/product"}],"wp:featuredmedia":[{"embeddable":true,"href":"https:\/\/anadolu.az\/ru\/wp-json\/wp\/v2\/media\/3802"}],"wp:attachment":[{"href":"https:\/\/anadolu.az\/ru\/wp-json\/wp\/v2\/media?parent=3801"}],"wp:term":[{"taxonomy":"product_brand","embeddable":true,"href":"https:\/\/anadolu.az\/ru\/wp-json\/wp\/v2\/product_brand?post=3801"},{"taxonomy":"product_cat","embeddable":true,"href":"https:\/\/anadolu.az\/ru\/wp-json\/wp\/v2\/product_cat?post=3801"},{"taxonomy":"product_tag","embeddable":true,"href":"https:\/\/anadolu.az\/ru\/wp-json\/wp\/v2\/product_tag?post=3801"}],"curies":[{"name":"wp","href":"https:\/\/api.w.org\/{rel}","templated":true}]}}