        {"id":3803,"date":"2025-03-03T19:41:58","date_gmt":"2025-03-03T15:41:58","guid":{"rendered":"https:\/\/15ndl.upturnlab.com\/?post_type=product&#038;p=3803"},"modified":"2025-03-03T19:41:58","modified_gmt":"2025-03-03T15:41:58","slug":"tuna-baligi-salati","status":"publish","type":"product","link":"https:\/\/anadolu.az\/ru\/product\/tuna-baligi-salati\/","title":{"rendered":"\u0421\u0430\u043b\u0430\u0442 \u0441 \u0442\u0443\u043d\u0446\u043e\u043c"},"content":{"rendered":"","protected":false},"excerpt":{"rendered":"Kah\u0131, pomidor, tuna bal\u0131\u011f\u0131, t\u0259z\u0259 xiyar, qara zeytun, boz \u00e7\u00f6r\u0259k, c\u0259f\u0259ri, bildir\u00e7in yumurtas\u0131, zeytun ya\u011f\u0131.\r\n150 qr.","protected":false},"featured_media":3804,"template":"","meta":[],"product_brand":[],"product_cat":[276],"product_tag":[],"class_list":{"0":"post-3803","1":"product","2":"type-product","3":"status-publish","4":"has-post-thumbnail","6":"product_cat-salatlar","8":"first","9":"instock","10":"shipping-taxable","11":"purchasable","12":"product-type-simple"},"_links":{"self":[{"href":"https:\/\/anadolu.az\/ru\/wp-json\/wp\/v2\/product\/3803","targetHints":{"allow":["GET"]}}],"collection":[{"href":"https:\/\/anadolu.az\/ru\/wp-json\/wp\/v2\/product"}],"about":[{"href":"https:\/\/anadolu.az\/ru\/wp-json\/wp\/v2\/types\/product"}],"wp:featuredmedia":[{"embeddable":true,"href":"https:\/\/anadolu.az\/ru\/wp-json\/wp\/v2\/media\/3804"}],"wp:attachment":[{"href":"https:\/\/anadolu.az\/ru\/wp-json\/wp\/v2\/media?parent=3803"}],"wp:term":[{"taxonomy":"product_brand","embeddable":true,"href":"https:\/\/anadolu.az\/ru\/wp-json\/wp\/v2\/product_brand?post=3803"},{"taxonomy":"product_cat","embeddable":true,"href":"https:\/\/anadolu.az\/ru\/wp-json\/wp\/v2\/product_cat?post=3803"},{"taxonomy":"product_tag","embeddable":true,"href":"https:\/\/anadolu.az\/ru\/wp-json\/wp\/v2\/product_tag?post=3803"}],"curies":[{"name":"wp","href":"https:\/\/api.w.org\/{rel}","templated":true}]}}