        {"id":3807,"date":"2025-03-03T19:43:19","date_gmt":"2025-03-03T15:43:19","guid":{"rendered":"https:\/\/15ndl.upturnlab.com\/?post_type=product&#038;p=3807"},"modified":"2026-03-13T10:41:08","modified_gmt":"2026-03-13T06:41:08","slug":"vineqret-salati","status":"publish","type":"product","link":"https:\/\/anadolu.az\/ru\/product\/vineqret-salati\/","title":{"rendered":"\u0412\u0438\u043d\u0435\u0433\u0440\u0435\u0442"},"content":{"rendered":"","protected":false},"excerpt":{"rendered":"Pancar, patates, havu\u00e7, fasulye, lahana tur\u015fusu, salatal\u0131k tur\u015fusu, maydanoz, bitki ya\u011f\u0131.\r\n150 qr.","protected":false},"featured_media":3808,"template":"","meta":[],"product_brand":[],"product_cat":[276],"product_tag":[],"class_list":{"0":"post-3807","1":"product","2":"type-product","3":"status-publish","4":"has-post-thumbnail","6":"product_cat-salatlar","8":"first","9":"outofstock","10":"shipping-taxable","11":"purchasable","12":"product-type-simple"},"_links":{"self":[{"href":"https:\/\/anadolu.az\/ru\/wp-json\/wp\/v2\/product\/3807","targetHints":{"allow":["GET"]}}],"collection":[{"href":"https:\/\/anadolu.az\/ru\/wp-json\/wp\/v2\/product"}],"about":[{"href":"https:\/\/anadolu.az\/ru\/wp-json\/wp\/v2\/types\/product"}],"wp:featuredmedia":[{"embeddable":true,"href":"https:\/\/anadolu.az\/ru\/wp-json\/wp\/v2\/media\/3808"}],"wp:attachment":[{"href":"https:\/\/anadolu.az\/ru\/wp-json\/wp\/v2\/media?parent=3807"}],"wp:term":[{"taxonomy":"product_brand","embeddable":true,"href":"https:\/\/anadolu.az\/ru\/wp-json\/wp\/v2\/product_brand?post=3807"},{"taxonomy":"product_cat","embeddable":true,"href":"https:\/\/anadolu.az\/ru\/wp-json\/wp\/v2\/product_cat?post=3807"},{"taxonomy":"product_tag","embeddable":true,"href":"https:\/\/anadolu.az\/ru\/wp-json\/wp\/v2\/product_tag?post=3807"}],"curies":[{"name":"wp","href":"https:\/\/api.w.org\/{rel}","templated":true}]}}