        {"id":3813,"date":"2025-03-03T19:45:13","date_gmt":"2025-03-03T15:45:13","guid":{"rendered":"https:\/\/15ndl.upturnlab.com\/?post_type=product&#038;p=3813"},"modified":"2025-03-03T19:45:13","modified_gmt":"2025-03-03T15:45:13","slug":"paytaxt-salati-2","status":"publish","type":"product","link":"https:\/\/anadolu.az\/ru\/product\/paytaxt-salati-2\/","title":{"rendered":"\u0421\u0442\u043e\u043b\u0438\u0447\u043d\u044b\u0439 \u0441\u0430\u043b\u0430\u0442"},"content":{"rendered":"","protected":false},"excerpt":{"rendered":"T\u0259z\u0259 xiyar, duzlu xiyar, ya\u015f\u0131l noxud, k\u00f6k, g\u00f6y\u0259rti, xama, yumurta, kolbasa, mayonez.\r\n150 qr.","protected":false},"featured_media":3814,"template":"","meta":[],"product_brand":[],"product_cat":[276],"product_tag":[],"class_list":{"0":"post-3813","1":"product","2":"type-product","3":"status-publish","4":"has-post-thumbnail","6":"product_cat-salatlar","8":"first","9":"instock","10":"shipping-taxable","11":"purchasable","12":"product-type-simple"},"_links":{"self":[{"href":"https:\/\/anadolu.az\/ru\/wp-json\/wp\/v2\/product\/3813","targetHints":{"allow":["GET"]}}],"collection":[{"href":"https:\/\/anadolu.az\/ru\/wp-json\/wp\/v2\/product"}],"about":[{"href":"https:\/\/anadolu.az\/ru\/wp-json\/wp\/v2\/types\/product"}],"wp:featuredmedia":[{"embeddable":true,"href":"https:\/\/anadolu.az\/ru\/wp-json\/wp\/v2\/media\/3814"}],"wp:attachment":[{"href":"https:\/\/anadolu.az\/ru\/wp-json\/wp\/v2\/media?parent=3813"}],"wp:term":[{"taxonomy":"product_brand","embeddable":true,"href":"https:\/\/anadolu.az\/ru\/wp-json\/wp\/v2\/product_brand?post=3813"},{"taxonomy":"product_cat","embeddable":true,"href":"https:\/\/anadolu.az\/ru\/wp-json\/wp\/v2\/product_cat?post=3813"},{"taxonomy":"product_tag","embeddable":true,"href":"https:\/\/anadolu.az\/ru\/wp-json\/wp\/v2\/product_tag?post=3813"}],"curies":[{"name":"wp","href":"https:\/\/api.w.org\/{rel}","templated":true}]}}