        {"id":3815,"date":"2025-03-03T19:45:52","date_gmt":"2025-03-03T15:45:52","guid":{"rendered":"https:\/\/15ndl.upturnlab.com\/?post_type=product&#038;p=3815"},"modified":"2025-03-03T19:45:52","modified_gmt":"2025-03-03T15:45:52","slug":"ruminiya-salati","status":"publish","type":"product","link":"https:\/\/anadolu.az\/ru\/product\/ruminiya-salati\/","title":{"rendered":"\u0421\u0430\u043b\u0430\u0442 \u00ab\u0420\u0443\u043c\u044b\u043d\u0438\u044f\u00bb"},"content":{"rendered":"","protected":false},"excerpt":{"rendered":"Krab, d\u00fcy\u00fc, qar\u011f\u0131dal\u0131, bib\u0259r, mayonez.\r\n150 qr.","protected":false},"featured_media":3816,"template":"","meta":[],"product_brand":[],"product_cat":[276],"product_tag":[],"class_list":{"0":"post-3815","1":"product","2":"type-product","3":"status-publish","4":"has-post-thumbnail","6":"product_cat-salatlar","8":"first","9":"instock","10":"shipping-taxable","11":"purchasable","12":"product-type-simple"},"_links":{"self":[{"href":"https:\/\/anadolu.az\/ru\/wp-json\/wp\/v2\/product\/3815","targetHints":{"allow":["GET"]}}],"collection":[{"href":"https:\/\/anadolu.az\/ru\/wp-json\/wp\/v2\/product"}],"about":[{"href":"https:\/\/anadolu.az\/ru\/wp-json\/wp\/v2\/types\/product"}],"wp:featuredmedia":[{"embeddable":true,"href":"https:\/\/anadolu.az\/ru\/wp-json\/wp\/v2\/media\/3816"}],"wp:attachment":[{"href":"https:\/\/anadolu.az\/ru\/wp-json\/wp\/v2\/media?parent=3815"}],"wp:term":[{"taxonomy":"product_brand","embeddable":true,"href":"https:\/\/anadolu.az\/ru\/wp-json\/wp\/v2\/product_brand?post=3815"},{"taxonomy":"product_cat","embeddable":true,"href":"https:\/\/anadolu.az\/ru\/wp-json\/wp\/v2\/product_cat?post=3815"},{"taxonomy":"product_tag","embeddable":true,"href":"https:\/\/anadolu.az\/ru\/wp-json\/wp\/v2\/product_tag?post=3815"}],"curies":[{"name":"wp","href":"https:\/\/api.w.org\/{rel}","templated":true}]}}