        {"id":3821,"date":"2025-03-04T00:41:12","date_gmt":"2025-03-03T20:41:12","guid":{"rendered":"https:\/\/15ndl.upturnlab.com\/?post_type=product&#038;p=3821"},"modified":"2025-03-04T00:41:13","modified_gmt":"2025-03-03T20:41:13","slug":"haydari-2","status":"publish","type":"product","link":"https:\/\/anadolu.az\/ru\/product\/haydari-2\/","title":{"rendered":"\u0425\u0430\u0439\u0434\u0430\u0440\u0438"},"content":{"rendered":"","protected":false},"excerpt":{"rendered":"S\u00fczm\u0259, qat\u0131q, mayonez, \u015f\u00fcy\u00fct, sar\u0131msaq.\r\n150 qr.","protected":false},"featured_media":3822,"template":"","meta":[],"product_brand":[],"product_cat":[277],"product_tag":[],"class_list":{"0":"post-3821","1":"product","2":"type-product","3":"status-publish","4":"has-post-thumbnail","6":"product_cat-soyuq-qelyanaltilari","8":"first","9":"instock","10":"shipping-taxable","11":"purchasable","12":"product-type-simple"},"_links":{"self":[{"href":"https:\/\/anadolu.az\/ru\/wp-json\/wp\/v2\/product\/3821","targetHints":{"allow":["GET"]}}],"collection":[{"href":"https:\/\/anadolu.az\/ru\/wp-json\/wp\/v2\/product"}],"about":[{"href":"https:\/\/anadolu.az\/ru\/wp-json\/wp\/v2\/types\/product"}],"wp:featuredmedia":[{"embeddable":true,"href":"https:\/\/anadolu.az\/ru\/wp-json\/wp\/v2\/media\/3822"}],"wp:attachment":[{"href":"https:\/\/anadolu.az\/ru\/wp-json\/wp\/v2\/media?parent=3821"}],"wp:term":[{"taxonomy":"product_brand","embeddable":true,"href":"https:\/\/anadolu.az\/ru\/wp-json\/wp\/v2\/product_brand?post=3821"},{"taxonomy":"product_cat","embeddable":true,"href":"https:\/\/anadolu.az\/ru\/wp-json\/wp\/v2\/product_cat?post=3821"},{"taxonomy":"product_tag","embeddable":true,"href":"https:\/\/anadolu.az\/ru\/wp-json\/wp\/v2\/product_tag?post=3821"}],"curies":[{"name":"wp","href":"https:\/\/api.w.org\/{rel}","templated":true}]}}