        {"id":3835,"date":"2025-03-04T01:01:03","date_gmt":"2025-03-03T21:01:03","guid":{"rendered":"https:\/\/15ndl.upturnlab.com\/?post_type=product&#038;p=3835"},"modified":"2025-03-04T01:01:03","modified_gmt":"2025-03-03T21:01:03","slug":"sak-suka","status":"publish","type":"product","link":"https:\/\/anadolu.az\/ru\/product\/sak-suka\/","title":{"rendered":"\u0428\u0430\u043a-\u0428\u0443\u043a\u0430"},"content":{"rendered":"","protected":false},"excerpt":{"rendered":"Q\u0131zard\u0131rm\u0131\u015f bad\u0131mcan, bib\u0259r, sar\u0131msaq, pomidor sousu, zeytun ya\u011f\u0131.\r\n200 qr.","protected":false},"featured_media":3836,"template":"","meta":[],"product_brand":[],"product_cat":[277],"product_tag":[],"class_list":{"0":"post-3835","1":"product","2":"type-product","3":"status-publish","4":"has-post-thumbnail","6":"product_cat-soyuq-qelyanaltilari","8":"first","9":"instock","10":"shipping-taxable","11":"purchasable","12":"product-type-simple"},"_links":{"self":[{"href":"https:\/\/anadolu.az\/ru\/wp-json\/wp\/v2\/product\/3835","targetHints":{"allow":["GET"]}}],"collection":[{"href":"https:\/\/anadolu.az\/ru\/wp-json\/wp\/v2\/product"}],"about":[{"href":"https:\/\/anadolu.az\/ru\/wp-json\/wp\/v2\/types\/product"}],"wp:featuredmedia":[{"embeddable":true,"href":"https:\/\/anadolu.az\/ru\/wp-json\/wp\/v2\/media\/3836"}],"wp:attachment":[{"href":"https:\/\/anadolu.az\/ru\/wp-json\/wp\/v2\/media?parent=3835"}],"wp:term":[{"taxonomy":"product_brand","embeddable":true,"href":"https:\/\/anadolu.az\/ru\/wp-json\/wp\/v2\/product_brand?post=3835"},{"taxonomy":"product_cat","embeddable":true,"href":"https:\/\/anadolu.az\/ru\/wp-json\/wp\/v2\/product_cat?post=3835"},{"taxonomy":"product_tag","embeddable":true,"href":"https:\/\/anadolu.az\/ru\/wp-json\/wp\/v2\/product_tag?post=3835"}],"curies":[{"name":"wp","href":"https:\/\/api.w.org\/{rel}","templated":true}]}}