        {"id":3845,"date":"2025-03-04T01:14:11","date_gmt":"2025-03-03T21:14:11","guid":{"rendered":"https:\/\/15ndl.upturnlab.com\/?post_type=product&#038;p=3845"},"modified":"2026-03-13T10:55:05","modified_gmt":"2026-03-13T06:55:05","slug":"kombo-%c9%99t","status":"publish","type":"product","link":"https:\/\/anadolu.az\/ru\/product\/kombo-%c9%99t\/","title":{"rendered":"\u041a\u043e\u043c\u0431\u043e, \u043c\u044f\u0441\u043e"},"content":{"rendered":"","protected":false},"excerpt":{"rendered":"\u018ft kotlet, p\u00fcre, vineqret, kompot, \u00e7\u00f6r\u0259k.\r\nQeyd: sifari\u015f saat 19:00-dan sonra q\u0259bul olunur. Minimum \u2013 3 \u0259d\u0259d.","protected":false},"featured_media":3846,"template":"","meta":[],"product_brand":[],"product_cat":[278],"product_tag":[],"class_list":{"0":"post-3845","1":"product","2":"type-product","3":"status-publish","4":"has-post-thumbnail","6":"product_cat-kombo-menyu","8":"first","9":"outofstock","10":"shipping-taxable","11":"purchasable","12":"product-type-simple"},"_links":{"self":[{"href":"https:\/\/anadolu.az\/ru\/wp-json\/wp\/v2\/product\/3845","targetHints":{"allow":["GET"]}}],"collection":[{"href":"https:\/\/anadolu.az\/ru\/wp-json\/wp\/v2\/product"}],"about":[{"href":"https:\/\/anadolu.az\/ru\/wp-json\/wp\/v2\/types\/product"}],"wp:featuredmedia":[{"embeddable":true,"href":"https:\/\/anadolu.az\/ru\/wp-json\/wp\/v2\/media\/3846"}],"wp:attachment":[{"href":"https:\/\/anadolu.az\/ru\/wp-json\/wp\/v2\/media?parent=3845"}],"wp:term":[{"taxonomy":"product_brand","embeddable":true,"href":"https:\/\/anadolu.az\/ru\/wp-json\/wp\/v2\/product_brand?post=3845"},{"taxonomy":"product_cat","embeddable":true,"href":"https:\/\/anadolu.az\/ru\/wp-json\/wp\/v2\/product_cat?post=3845"},{"taxonomy":"product_tag","embeddable":true,"href":"https:\/\/anadolu.az\/ru\/wp-json\/wp\/v2\/product_tag?post=3845"}],"curies":[{"name":"wp","href":"https:\/\/api.w.org\/{rel}","templated":true}]}}