        {"id":3847,"date":"2025-03-04T01:22:06","date_gmt":"2025-03-03T21:22:06","guid":{"rendered":"https:\/\/15ndl.upturnlab.com\/?post_type=product&#038;p=3847"},"modified":"2025-03-04T01:22:07","modified_gmt":"2025-03-03T21:22:07","slug":"as-qara-plov","status":"publish","type":"product","link":"https:\/\/anadolu.az\/ru\/product\/as-qara-plov\/","title":{"rendered":"\u0414\u0435\u0440\u0435\u0432\u0435\u043d\u0441\u043a\u0438\u0439 \u043f\u043b\u043e\u0432"},"content":{"rendered":"","protected":false},"excerpt":{"rendered":"Dana \u0259ti, \u015fabal\u0131d, \u0259rik qurusu, albuxara, ki\u015fmi\u015f, so\u011fan, d\u00fcy\u00fc.\r\n350 qr.","protected":false},"featured_media":3848,"template":"","meta":[],"product_brand":[],"product_cat":[279],"product_tag":[],"class_list":{"0":"post-3847","1":"product","2":"type-product","3":"status-publish","4":"has-post-thumbnail","6":"product_cat-azerbaycan-yemekleri","8":"first","9":"instock","10":"shipping-taxable","11":"purchasable","12":"product-type-simple"},"_links":{"self":[{"href":"https:\/\/anadolu.az\/ru\/wp-json\/wp\/v2\/product\/3847","targetHints":{"allow":["GET"]}}],"collection":[{"href":"https:\/\/anadolu.az\/ru\/wp-json\/wp\/v2\/product"}],"about":[{"href":"https:\/\/anadolu.az\/ru\/wp-json\/wp\/v2\/types\/product"}],"wp:featuredmedia":[{"embeddable":true,"href":"https:\/\/anadolu.az\/ru\/wp-json\/wp\/v2\/media\/3848"}],"wp:attachment":[{"href":"https:\/\/anadolu.az\/ru\/wp-json\/wp\/v2\/media?parent=3847"}],"wp:term":[{"taxonomy":"product_brand","embeddable":true,"href":"https:\/\/anadolu.az\/ru\/wp-json\/wp\/v2\/product_brand?post=3847"},{"taxonomy":"product_cat","embeddable":true,"href":"https:\/\/anadolu.az\/ru\/wp-json\/wp\/v2\/product_cat?post=3847"},{"taxonomy":"product_tag","embeddable":true,"href":"https:\/\/anadolu.az\/ru\/wp-json\/wp\/v2\/product_tag?post=3847"}],"curies":[{"name":"wp","href":"https:\/\/api.w.org\/{rel}","templated":true}]}}