        {"id":3855,"date":"2025-03-04T01:28:29","date_gmt":"2025-03-03T21:28:29","guid":{"rendered":"https:\/\/15ndl.upturnlab.com\/?post_type=product&#038;p=3855"},"modified":"2025-03-04T01:28:30","modified_gmt":"2025-03-03T21:28:30","slug":"k%c9%99l%c9%99m-dolma","status":"publish","type":"product","link":"https:\/\/anadolu.az\/ru\/product\/k%c9%99l%c9%99m-dolma\/","title":{"rendered":"\u0413\u043e\u043b\u0443\u0431\u0446\u044b"},"content":{"rendered":"","protected":false},"excerpt":{"rendered":"Q\u0131yma, quyruq, d\u00fcy\u00fc, g\u00f6y\u0259rti, k\u0259l\u0259m.\r\n200 qr.","protected":false},"featured_media":3856,"template":"","meta":[],"product_brand":[],"product_cat":[279],"product_tag":[],"class_list":{"0":"post-3855","1":"product","2":"type-product","3":"status-publish","4":"has-post-thumbnail","6":"product_cat-azerbaycan-yemekleri","8":"first","9":"instock","10":"shipping-taxable","11":"purchasable","12":"product-type-simple"},"_links":{"self":[{"href":"https:\/\/anadolu.az\/ru\/wp-json\/wp\/v2\/product\/3855","targetHints":{"allow":["GET"]}}],"collection":[{"href":"https:\/\/anadolu.az\/ru\/wp-json\/wp\/v2\/product"}],"about":[{"href":"https:\/\/anadolu.az\/ru\/wp-json\/wp\/v2\/types\/product"}],"wp:featuredmedia":[{"embeddable":true,"href":"https:\/\/anadolu.az\/ru\/wp-json\/wp\/v2\/media\/3856"}],"wp:attachment":[{"href":"https:\/\/anadolu.az\/ru\/wp-json\/wp\/v2\/media?parent=3855"}],"wp:term":[{"taxonomy":"product_brand","embeddable":true,"href":"https:\/\/anadolu.az\/ru\/wp-json\/wp\/v2\/product_brand?post=3855"},{"taxonomy":"product_cat","embeddable":true,"href":"https:\/\/anadolu.az\/ru\/wp-json\/wp\/v2\/product_cat?post=3855"},{"taxonomy":"product_tag","embeddable":true,"href":"https:\/\/anadolu.az\/ru\/wp-json\/wp\/v2\/product_tag?post=3855"}],"curies":[{"name":"wp","href":"https:\/\/api.w.org\/{rel}","templated":true}]}}