        {"id":3859,"date":"2025-03-04T01:30:22","date_gmt":"2025-03-03T21:30:22","guid":{"rendered":"https:\/\/15ndl.upturnlab.com\/?post_type=product&#038;p=3859"},"modified":"2025-08-13T17:03:25","modified_gmt":"2025-08-13T13:03:25","slug":"ozb%c9%99k-plov","status":"publish","type":"product","link":"https:\/\/anadolu.az\/ru\/product\/ozb%c9%99k-plov\/","title":{"rendered":"\u0423\u0437\u0431\u0435\u043a\u0441\u043a\u0438\u0439 \u043f\u043b\u043e\u0432"},"content":{"rendered":"","protected":false},"excerpt":{"rendered":"Quzu \u0259ti, so\u011fan, k\u00f6k, noxud, d\u00fcy\u00fc, sar\u0131msaq.\r\n300 qr.\r\nQeyd: qabaqcadan sifari\u015f edilm\u0259lidir. Sifari\u015f minimun 3 porsiya q\u0259bul edilir.","protected":false},"featured_media":3860,"template":"","meta":[],"product_brand":[],"product_cat":[279],"product_tag":[],"class_list":{"0":"post-3859","1":"product","2":"type-product","3":"status-publish","4":"has-post-thumbnail","6":"product_cat-azerbaycan-yemekleri","8":"first","9":"instock","10":"shipping-taxable","11":"purchasable","12":"product-type-simple"},"_links":{"self":[{"href":"https:\/\/anadolu.az\/ru\/wp-json\/wp\/v2\/product\/3859","targetHints":{"allow":["GET"]}}],"collection":[{"href":"https:\/\/anadolu.az\/ru\/wp-json\/wp\/v2\/product"}],"about":[{"href":"https:\/\/anadolu.az\/ru\/wp-json\/wp\/v2\/types\/product"}],"wp:featuredmedia":[{"embeddable":true,"href":"https:\/\/anadolu.az\/ru\/wp-json\/wp\/v2\/media\/3860"}],"wp:attachment":[{"href":"https:\/\/anadolu.az\/ru\/wp-json\/wp\/v2\/media?parent=3859"}],"wp:term":[{"taxonomy":"product_brand","embeddable":true,"href":"https:\/\/anadolu.az\/ru\/wp-json\/wp\/v2\/product_brand?post=3859"},{"taxonomy":"product_cat","embeddable":true,"href":"https:\/\/anadolu.az\/ru\/wp-json\/wp\/v2\/product_cat?post=3859"},{"taxonomy":"product_tag","embeddable":true,"href":"https:\/\/anadolu.az\/ru\/wp-json\/wp\/v2\/product_tag?post=3859"}],"curies":[{"name":"wp","href":"https:\/\/api.w.org\/{rel}","templated":true}]}}