        {"id":3863,"date":"2025-03-04T01:33:54","date_gmt":"2025-03-03T21:33:54","guid":{"rendered":"https:\/\/15ndl.upturnlab.com\/?post_type=product&#038;p=3863"},"modified":"2025-03-04T01:33:55","modified_gmt":"2025-03-03T21:33:55","slug":"quzu-sac-2","status":"publish","type":"product","link":"https:\/\/anadolu.az\/ru\/product\/quzu-sac-2\/","title":{"rendered":"\u0421\u0430\u0434\u0436 \u0438\u0437 \u0431\u0430\u0440\u0430\u043d\u0438\u043d\u044b"},"content":{"rendered":"","protected":false},"excerpt":{"rendered":"Quzu \u0259ti, quyruq, bib\u0259r, pomidor, so\u011fan, kartof, bad\u0131mcan, g\u00f6b\u0259l\u0259k, ac\u0131 bib\u0259r.\r\n350 qr.","protected":false},"featured_media":3864,"template":"","meta":[],"product_brand":[],"product_cat":[279],"product_tag":[],"class_list":{"0":"post-3863","1":"product","2":"type-product","3":"status-publish","4":"has-post-thumbnail","6":"product_cat-azerbaycan-yemekleri","8":"first","9":"instock","10":"shipping-taxable","11":"purchasable","12":"product-type-simple"},"_links":{"self":[{"href":"https:\/\/anadolu.az\/ru\/wp-json\/wp\/v2\/product\/3863","targetHints":{"allow":["GET"]}}],"collection":[{"href":"https:\/\/anadolu.az\/ru\/wp-json\/wp\/v2\/product"}],"about":[{"href":"https:\/\/anadolu.az\/ru\/wp-json\/wp\/v2\/types\/product"}],"wp:featuredmedia":[{"embeddable":true,"href":"https:\/\/anadolu.az\/ru\/wp-json\/wp\/v2\/media\/3864"}],"wp:attachment":[{"href":"https:\/\/anadolu.az\/ru\/wp-json\/wp\/v2\/media?parent=3863"}],"wp:term":[{"taxonomy":"product_brand","embeddable":true,"href":"https:\/\/anadolu.az\/ru\/wp-json\/wp\/v2\/product_brand?post=3863"},{"taxonomy":"product_cat","embeddable":true,"href":"https:\/\/anadolu.az\/ru\/wp-json\/wp\/v2\/product_cat?post=3863"},{"taxonomy":"product_tag","embeddable":true,"href":"https:\/\/anadolu.az\/ru\/wp-json\/wp\/v2\/product_tag?post=3863"}],"curies":[{"name":"wp","href":"https:\/\/api.w.org\/{rel}","templated":true}]}}