        {"id":3867,"date":"2025-03-04T01:36:23","date_gmt":"2025-03-03T21:36:23","guid":{"rendered":"https:\/\/15ndl.upturnlab.com\/?post_type=product&#038;p=3867"},"modified":"2025-09-24T12:23:25","modified_gmt":"2025-09-24T08:23:25","slug":"s%c9%99bzi-qovurma","status":"publish","type":"product","link":"https:\/\/anadolu.az\/ru\/product\/s%c9%99bzi-qovurma\/","title":{"rendered":"\u0421\u0430\u0431\u0437\u0438-\u0433\u043e\u0432\u0443\u0440\u043c\u0430 (\u0442\u0443\u0448\u0451\u043d\u0430\u044f \u0437\u0435\u043b\u0435\u043d\u044c \u0441 \u043c\u044f\u0441\u043e\u043c)"},"content":{"rendered":"","protected":false},"excerpt":{"rendered":"Dana \u0259ti, so\u011fan, ispanaq, ke\u015fni\u015f, \u015f\u00fcy\u00fcd, al\u00e7a qurusu.\r\n150 qr.","protected":false},"featured_media":3868,"template":"","meta":[],"product_brand":[],"product_cat":[279],"product_tag":[],"class_list":{"0":"post-3867","1":"product","2":"type-product","3":"status-publish","4":"has-post-thumbnail","6":"product_cat-azerbaycan-yemekleri","8":"first","9":"instock","10":"shipping-taxable","11":"purchasable","12":"product-type-simple"},"_links":{"self":[{"href":"https:\/\/anadolu.az\/ru\/wp-json\/wp\/v2\/product\/3867","targetHints":{"allow":["GET"]}}],"collection":[{"href":"https:\/\/anadolu.az\/ru\/wp-json\/wp\/v2\/product"}],"about":[{"href":"https:\/\/anadolu.az\/ru\/wp-json\/wp\/v2\/types\/product"}],"wp:featuredmedia":[{"embeddable":true,"href":"https:\/\/anadolu.az\/ru\/wp-json\/wp\/v2\/media\/3868"}],"wp:attachment":[{"href":"https:\/\/anadolu.az\/ru\/wp-json\/wp\/v2\/media?parent=3867"}],"wp:term":[{"taxonomy":"product_brand","embeddable":true,"href":"https:\/\/anadolu.az\/ru\/wp-json\/wp\/v2\/product_brand?post=3867"},{"taxonomy":"product_cat","embeddable":true,"href":"https:\/\/anadolu.az\/ru\/wp-json\/wp\/v2\/product_cat?post=3867"},{"taxonomy":"product_tag","embeddable":true,"href":"https:\/\/anadolu.az\/ru\/wp-json\/wp\/v2\/product_tag?post=3867"}],"curies":[{"name":"wp","href":"https:\/\/api.w.org\/{rel}","templated":true}]}}