        {"id":3873,"date":"2025-03-04T01:41:11","date_gmt":"2025-03-03T21:41:11","guid":{"rendered":"https:\/\/15ndl.upturnlab.com\/?post_type=product&#038;p=3873"},"modified":"2025-03-04T01:41:11","modified_gmt":"2025-03-03T21:41:11","slug":"toyuq-sac-2","status":"publish","type":"product","link":"https:\/\/anadolu.az\/ru\/product\/toyuq-sac-2\/","title":{"rendered":"\u0421\u0430\u0434\u0436 \u0438\u0437 \u043a\u0443\u0440\u0438\u0446\u044b"},"content":{"rendered":"","protected":false},"excerpt":{"rendered":"Toyuq \u0259ti, bib\u0259r, pomidor, so\u011fan, kartof, bad\u0131mcan, g\u00f6b\u0259l\u0259k, ac\u0131 bib\u0259r.\r\n350 qr.","protected":false},"featured_media":3874,"template":"","meta":[],"product_brand":[],"product_cat":[279],"product_tag":[],"class_list":{"0":"post-3873","1":"product","2":"type-product","3":"status-publish","4":"has-post-thumbnail","6":"product_cat-azerbaycan-yemekleri","8":"first","9":"instock","10":"shipping-taxable","11":"purchasable","12":"product-type-simple"},"_links":{"self":[{"href":"https:\/\/anadolu.az\/ru\/wp-json\/wp\/v2\/product\/3873","targetHints":{"allow":["GET"]}}],"collection":[{"href":"https:\/\/anadolu.az\/ru\/wp-json\/wp\/v2\/product"}],"about":[{"href":"https:\/\/anadolu.az\/ru\/wp-json\/wp\/v2\/types\/product"}],"wp:featuredmedia":[{"embeddable":true,"href":"https:\/\/anadolu.az\/ru\/wp-json\/wp\/v2\/media\/3874"}],"wp:attachment":[{"href":"https:\/\/anadolu.az\/ru\/wp-json\/wp\/v2\/media?parent=3873"}],"wp:term":[{"taxonomy":"product_brand","embeddable":true,"href":"https:\/\/anadolu.az\/ru\/wp-json\/wp\/v2\/product_brand?post=3873"},{"taxonomy":"product_cat","embeddable":true,"href":"https:\/\/anadolu.az\/ru\/wp-json\/wp\/v2\/product_cat?post=3873"},{"taxonomy":"product_tag","embeddable":true,"href":"https:\/\/anadolu.az\/ru\/wp-json\/wp\/v2\/product_tag?post=3873"}],"curies":[{"name":"wp","href":"https:\/\/api.w.org\/{rel}","templated":true}]}}