        {"id":3879,"date":"2025-03-04T01:44:12","date_gmt":"2025-03-03T21:44:12","guid":{"rendered":"https:\/\/15ndl.upturnlab.com\/?post_type=product&#038;p=3879"},"modified":"2025-12-02T12:35:51","modified_gmt":"2025-12-02T08:35:51","slug":"yarpaq-dolma","status":"publish","type":"product","link":"https:\/\/anadolu.az\/ru\/product\/yarpaq-dolma\/","title":{"rendered":"\u0414\u043e\u043b\u043c\u0430 \u0432 \u0432\u0438\u043d\u043e\u0433\u0440\u0430\u0434\u043d\u044b\u0445 \u043b\u0438\u0441\u0442\u044c\u044f\u0445"},"content":{"rendered":"","protected":false},"excerpt":{"rendered":"Q\u0131yma, quyruq, d\u00fcy\u00fc, g\u00f6y\u0259rti, \u00fcz\u00fcm yarpa\u011f\u0131.\r\n220 qr.","protected":false},"featured_media":3880,"template":"","meta":[],"product_brand":[],"product_cat":[279],"product_tag":[],"class_list":{"0":"post-3879","1":"product","2":"type-product","3":"status-publish","4":"has-post-thumbnail","6":"product_cat-azerbaycan-yemekleri","8":"first","9":"instock","10":"shipping-taxable","11":"purchasable","12":"product-type-simple"},"_links":{"self":[{"href":"https:\/\/anadolu.az\/ru\/wp-json\/wp\/v2\/product\/3879","targetHints":{"allow":["GET"]}}],"collection":[{"href":"https:\/\/anadolu.az\/ru\/wp-json\/wp\/v2\/product"}],"about":[{"href":"https:\/\/anadolu.az\/ru\/wp-json\/wp\/v2\/types\/product"}],"wp:featuredmedia":[{"embeddable":true,"href":"https:\/\/anadolu.az\/ru\/wp-json\/wp\/v2\/media\/3880"}],"wp:attachment":[{"href":"https:\/\/anadolu.az\/ru\/wp-json\/wp\/v2\/media?parent=3879"}],"wp:term":[{"taxonomy":"product_brand","embeddable":true,"href":"https:\/\/anadolu.az\/ru\/wp-json\/wp\/v2\/product_brand?post=3879"},{"taxonomy":"product_cat","embeddable":true,"href":"https:\/\/anadolu.az\/ru\/wp-json\/wp\/v2\/product_cat?post=3879"},{"taxonomy":"product_tag","embeddable":true,"href":"https:\/\/anadolu.az\/ru\/wp-json\/wp\/v2\/product_tag?post=3879"}],"curies":[{"name":"wp","href":"https:\/\/api.w.org\/{rel}","templated":true}]}}