        {"id":4552,"date":"2025-06-21T13:36:36","date_gmt":"2025-06-21T09:36:36","guid":{"rendered":"https:\/\/anadolu.az\/?post_type=product&#038;p=4552"},"modified":"2026-02-19T21:30:47","modified_gmt":"2026-02-19T17:30:47","slug":"aile-kabab-seti-4-neferlik","status":"publish","type":"product","link":"https:\/\/anadolu.az\/ru\/product\/aile-kabab-seti-4-neferlik\/","title":{"rendered":"\u0421\u0435\u043c\u0435\u0439\u043d\u044b\u0439 \u043a\u0435\u0431\u0430\u0431\u043d\u044b\u0439 \u0441\u0435\u0442 (\u043d\u0430 4 \u043f\u0435\u0440\u0441\u043e\u043d\u044b)"},"content":{"rendered":"","protected":false},"excerpt":{"rendered":"4 \u0259d\u0259d AZ\u018fR\u0130 T\u0130K\u018f KABAB \r\n4 \u0259d\u0259d AZ\u018fR\u0130 L\u00dcL\u018f KABAB\r\n4 \u0259d\u0259d  QANAD KABAB\r\n4 \u0259d\u0259d TOYUQ KABAB (S\u00dcM\u00dcKS\u00dcZ)\r\n4 \u0259d\u0259d  TOYUQ L\u00dcL\u018f KABAB \r\n4 \u0259d\u0259d  POM\u0130DOR KABAB\r\n4 \u0259d\u0259d  BADIMCAN KABAB\r\n4 \u0259d\u0259d  ACI B\u0130B\u018fR KABABI\r\n2 pors KARTOF FR\u0130 ( B\u00d6Y\u00dcK)\r\n2 pors AC\u0130KA\r\nSO\u011eAN &#8211; G\u00d6Y\u018fRT\u0130-SUMAX-B\u018fZ\u018fK\r\nHUMUS &#8211; 110 qr.\r\nHAYDAR\u0130 &#8211; 110 qr.\r\nACILI \u018fZM\u018f &#8211; 110 qr.\r\n\u00c7OBAN SALAT &#8211; 200 qr.\r\nMANQAL SALAT -200 qr.\r\nV\u0130\u015eN\u018fL\u0130 POM\u0130DOR SALATI &#8211; 250 qr.\r\n4 \u0259d\u0259d FINDIQ LAHMACUN\r\n4 D\u0130L\u0130M L\u0130MON + G\u00d6Y\u018fRT\u0130 \r\n\u00c7\u00f6r\u0259k","protected":false},"featured_media":4554,"template":"","meta":[],"product_brand":[],"product_cat":[258],"product_tag":[],"class_list":{"0":"post-4552","1":"product","2":"type-product","3":"status-publish","4":"has-post-thumbnail","6":"product_cat-kabablar","8":"first","9":"instock","10":"shipping-taxable","11":"purchasable","12":"product-type-simple"},"_links":{"self":[{"href":"https:\/\/anadolu.az\/ru\/wp-json\/wp\/v2\/product\/4552","targetHints":{"allow":["GET"]}}],"collection":[{"href":"https:\/\/anadolu.az\/ru\/wp-json\/wp\/v2\/product"}],"about":[{"href":"https:\/\/anadolu.az\/ru\/wp-json\/wp\/v2\/types\/product"}],"wp:featuredmedia":[{"embeddable":true,"href":"https:\/\/anadolu.az\/ru\/wp-json\/wp\/v2\/media\/4554"}],"wp:attachment":[{"href":"https:\/\/anadolu.az\/ru\/wp-json\/wp\/v2\/media?parent=4552"}],"wp:term":[{"taxonomy":"product_brand","embeddable":true,"href":"https:\/\/anadolu.az\/ru\/wp-json\/wp\/v2\/product_brand?post=4552"},{"taxonomy":"product_cat","embeddable":true,"href":"https:\/\/anadolu.az\/ru\/wp-json\/wp\/v2\/product_cat?post=4552"},{"taxonomy":"product_tag","embeddable":true,"href":"https:\/\/anadolu.az\/ru\/wp-json\/wp\/v2\/product_tag?post=4552"}],"curies":[{"name":"wp","href":"https:\/\/api.w.org\/{rel}","templated":true}]}}